{"id":2244,"date":"2014-12-03T10:33:07","date_gmt":"2014-12-03T10:33:07","guid":{"rendered":"http:\/\/dna.nazwa.pl\/czasownik_w\/?page_id=2244"},"modified":"2015-01-23T15:35:26","modified_gmt":"2015-01-23T15:35:26","slug":"about-us","status":"publish","type":"page","link":"https:\/\/czasownik.pl\/en\/","title":{"rendered":"ABOUT US"},"content":{"rendered":"<header class=\"section-header\"><h2><span>DNA \u2013 temporary employment agency<\/span><\/h2><\/p>\n<p><\/header>\n<p>DNA \u2013 temporary employment agency for a number of years has been specializing in delivery of professional services in human resources management. We specialize in employee leasing, but our experienced team also provides all other recruitment projects and activities in the field of HR consulting. Our cooperation with Polish and foreign Partners is a safeguard of our competences. We do realize that you value your time; therefore, we respond to inquiries swiftly, and for Customers cooperating with us, we are able to find best suited employees within 24 hours.<\/p>\n<div class=\"row\">\n<div class=\"col-xs-12 col-md-4\">\n<h4 class=\"title\">Our advantages<\/h4>\n<p><span class=\"dropcap\">D<\/span>\u2018ont worry, we have\u00a0at our disposal a database of over 10,000 tested employees, ready to take up temporary work throughout the country. We recruit staff regardless of time and type of the planned employment period. We carry out recruitment process, even if you need an employee only for few hours.<\/p>\n<\/div>\n<div class=\"col-xs-12 col-md-4\">\n<h4 class=\"title\">Outsourcing in brief<\/h4>\n<p><span class=\"dropcap\">N<\/span>ote that our services prove best in the case of substitutions for absent employees (sick leaves, holidays, unplanned absences), the need to deliver an ad-hoc or unusual projects, fluctuations in employment related to the seasonal nature of business activity or externally imposed restrictions in full-time employment.<\/p>\n<\/div>\n<div class=\"col-xs-12 col-md-4\">\n<h4 class=\"title\">Letter of inquiry<\/h4>\n<p><span class=\"dropcap\">A<\/span> call or an email from your part and we will immediately prepare a\u00a0detailed estimate of the service. The cost of our services\u00a0depends on many factors but, as a rule, it is the product of hourly or daily rate of pay. We prefer clear and transparent rules of cooperation; therefore you do not incur any costs until the moment of hiring an\u00a0employee.<\/p>\n<\/div>\n<\/div>\n<p>&nbsp;<\/p>\n<section id=\"services\"><\/p>\n<p><header class=\"section-header\"><h2><span>SERVICES<\/span><\/h2><\/p>\n<p><\/header><\/p>\n<p><div class=\"row\"><div class=\"col-xs-12 col-sm-4 single\">\r\n \t\t\t\t<div class=\"inner\">\r\n\t\t\t\t\t\t\t\t<div class=\"featured\">\r\n\t\t\t\t\t<a href=\"https:\/\/czasownik.pl\/en\/service\/temporary-work\/\"><img loading=\"lazy\" decoding=\"async\" width=\"310\" height=\"304\" src=\"https:\/\/czasownik.pl\/wp-content\/uploads\/2014\/12\/1264271_63367274aaaaa.jpg\" class=\"attachment-post-thumbnail size-post-thumbnail wp-post-image\" alt=\"DNA - agencja pracy tymczasowej - Praca tymczasowa\" srcset=\"https:\/\/czasownik.pl\/wp-content\/uploads\/2014\/12\/1264271_63367274aaaaa.jpg 310w, https:\/\/czasownik.pl\/wp-content\/uploads\/2014\/12\/1264271_63367274aaaaa-300x294.jpg 300w\" sizes=\"auto, (max-width: 310px) 100vw, 310px\" \/><\/a>\r\n\t\t\t\t<\/div>\r\n\t\t\t\t\t\t\t\t\r\n\t\t\t\t<div class=\"content\">\r\n\t\t\t\t\t<h4 class=\"title\">\r\n\t\t\t\t\t\t<a href=\"https:\/\/czasownik.pl\/en\/service\/temporary-work\/\">Temporary work<\/a>\r\n\t\t\t\t\t<\/h4>\r\n\r\n\t\t\t\t\t<p>Temporary work is a form of employment, involving delegating the employees hired by us to work for the Customer. With this option, you are able to react and response instantly if there is a demand for employees,<\/p>\n\t\t\t\t<\/div>\r\n\t\t\t<\/div>\r\n\t\t\t<div class=\"bottom-border\"><\/div>\r\n\t\t\r\n\r\n<\/div><div class=\"col-xs-12 col-sm-4 single\">\r\n \t\t\t\t<div class=\"inner\">\r\n\t\t\t\t\t\t\t\t<div class=\"featured\">\r\n\t\t\t\t\t<a href=\"https:\/\/czasownik.pl\/en\/service\/employee-takeover\/\"><img loading=\"lazy\" decoding=\"async\" width=\"310\" height=\"304\" src=\"https:\/\/czasownik.pl\/wp-content\/uploads\/2014\/12\/1338212_30238506.jpg\" class=\"attachment-post-thumbnail size-post-thumbnail wp-post-image\" alt=\"DNA - agencja pracy tymczasowej - Przej\u0119cie pracownika\" srcset=\"https:\/\/czasownik.pl\/wp-content\/uploads\/2014\/12\/1338212_30238506.jpg 310w, https:\/\/czasownik.pl\/wp-content\/uploads\/2014\/12\/1338212_30238506-300x294.jpg 300w\" sizes=\"auto, (max-width: 310px) 100vw, 310px\" \/><\/a>\r\n\t\t\t\t<\/div>\r\n\t\t\t\t\t\t\t\t\r\n\t\t\t\t<div class=\"content\">\r\n\t\t\t\t\t<h4 class=\"title\">\r\n\t\t\t\t\t\t<a href=\"https:\/\/czasownik.pl\/en\/service\/employee-takeover\/\">Employee takeover<\/a>\r\n\t\t\t\t\t<\/h4>\r\n\r\n\t\t\t\t\t<p>After the period of the employment lease, our Customers can take over (or, in other words, acquire) the employee and to hire them directly in their team.<\/p>\n<p>The DNA\u2019s offer also includes Try &amp; Hire formula.<\/p>\n\t\t\t\t<\/div>\r\n\t\t\t<\/div>\r\n\t\t\t<div class=\"bottom-border\"><\/div>\r\n\t\t\r\n\r\n<\/div><div class=\"col-xs-12 col-sm-4 single\">\r\n \t\t\t\t<div class=\"inner\">\r\n\t\t\t\t\t\t\t\t<div class=\"featured\">\r\n\t\t\t\t\t<a href=\"https:\/\/czasownik.pl\/en\/service\/employee-leasing\/\"><img loading=\"lazy\" decoding=\"async\" width=\"310\" height=\"304\" src=\"https:\/\/czasownik.pl\/wp-content\/uploads\/2014\/12\/image3.jpg\" class=\"attachment-post-thumbnail size-post-thumbnail wp-post-image\" alt=\"DNA - agencja pracy tymczasowej - Outsourcing, leasing pracownik\u00f3w\" srcset=\"https:\/\/czasownik.pl\/wp-content\/uploads\/2014\/12\/image3.jpg 310w, https:\/\/czasownik.pl\/wp-content\/uploads\/2014\/12\/image3-300x294.jpg 300w\" sizes=\"auto, (max-width: 310px) 100vw, 310px\" \/><\/a>\r\n\t\t\t\t<\/div>\r\n\t\t\t\t\t\t\t\t\r\n\t\t\t\t<div class=\"content\">\r\n\t\t\t\t\t<h4 class=\"title\">\r\n\t\t\t\t\t\t<a href=\"https:\/\/czasownik.pl\/en\/service\/employee-leasing\/\">Employee Leasing<\/a>\r\n\t\t\t\t\t<\/h4>\r\n\r\n\t\t\t\t\t<p>Employee Leasing is an increasingly used method of optimizing the employment. Temporary employee leasing enables you to both reduce permanent employee\u2019s burden and allows for swift substitution of absent employees.<\/p>\n\t\t\t\t<\/div>\r\n\t\t\t<\/div>\r\n\t\t\t<div class=\"bottom-border\"><\/div>\r\n\t\t\r\n\r\n<\/div><\/div><\/section>\n<header class=\"section-header\"><h2><span>CLIENTS<\/span><\/h2><\/p>\n<h3>Below you will find a photo gallery of some of our Clients. These are our best references!<\/h3>\n<p><\/header>\n<ul class=\"kiwi-logo-carousel kiwi-logo-carousel-klienci grayhovercolor align-center col4\"><li style=\"height:130px;\" ><div class=\"helper\" style=\"height:130px; width:200px;\" ><img decoding=\"async\" src=\"https:\/\/czasownik.pl\/wp-content\/uploads\/2015\/01\/2-e1428571079388.jpg\" alt=\"APS Energia\" title=\"APS Energia\" style=\"max-width:200px; padding-left: 10px; padding-right:10px\" ><\/div><\/li><li style=\"height:130px;\" ><div class=\"helper\" style=\"height:130px; width:200px;\" ><img decoding=\"async\" src=\"https:\/\/czasownik.pl\/wp-content\/uploads\/2015\/01\/1-e1428571056215.jpg\" alt=\"Avaya\" title=\"Avaya\" style=\"max-width:200px; padding-left: 10px; padding-right:10px\" ><\/div><\/li><li style=\"height:130px;\" ><div class=\"helper\" style=\"height:130px; width:200px;\" ><img decoding=\"async\" src=\"https:\/\/czasownik.pl\/wp-content\/uploads\/2015\/01\/3-e1428571088125.jpg\" alt=\"Bayer AG\" title=\"Bayer AG\" style=\"max-width:200px; padding-left: 10px; padding-right:10px\" ><\/div><\/li><li style=\"height:130px;\" ><div class=\"helper\" style=\"height:130px; width:200px;\" ><img decoding=\"async\" src=\"https:\/\/czasownik.pl\/wp-content\/uploads\/2015\/01\/5-e1428571104321.jpg\" alt=\"BNP Paribas Cardif\" title=\"BNP Paribas Cardif\" style=\"max-width:200px; padding-left: 10px; padding-right:10px\" ><\/div><\/li><li style=\"height:130px;\" ><div class=\"helper\" style=\"height:130px; width:200px;\" ><img decoding=\"async\" src=\"https:\/\/czasownik.pl\/wp-content\/uploads\/2015\/01\/4-e1428571097944.jpg\" alt=\"Boehringer Ingelheim\" title=\"Boehringer Ingelheim\" style=\"max-width:200px; padding-left: 10px; padding-right:10px\" ><\/div><\/li><li style=\"height:130px;\" ><div class=\"helper\" style=\"height:130px; width:200px;\" ><img decoding=\"async\" src=\"https:\/\/czasownik.pl\/wp-content\/uploads\/2015\/01\/6-e1428571113300.jpg\" alt=\"Central European Distribution Corporation\" title=\"Central European Distribution Corporation\" style=\"max-width:200px; padding-left: 10px; padding-right:10px\" ><\/div><\/li><li style=\"height:130px;\" ><div class=\"helper\" style=\"height:130px; width:200px;\" ><img decoding=\"async\" src=\"https:\/\/czasownik.pl\/wp-content\/uploads\/2015\/01\/7-e1428571121757.jpg\" alt=\"Ciech\" title=\"Ciech\" style=\"max-width:200px; padding-left: 10px; padding-right:10px\" ><\/div><\/li><li style=\"height:130px;\" ><div class=\"helper\" style=\"height:130px; width:200px;\" ><img decoding=\"async\" src=\"https:\/\/czasownik.pl\/wp-content\/uploads\/2015\/01\/8-e1428571129149.jpg\" alt=\"Eurobank\" title=\"Eurobank\" style=\"max-width:200px; padding-left: 10px; padding-right:10px\" ><\/div><\/li><li style=\"height:130px;\" ><div class=\"helper\" style=\"height:130px; width:200px;\" ><img decoding=\"async\" src=\"https:\/\/czasownik.pl\/wp-content\/uploads\/2015\/01\/9-e1428571138102.jpg\" alt=\"Funai\" title=\"Funai\" style=\"max-width:200px; padding-left: 10px; padding-right:10px\" ><\/div><\/li><li style=\"height:130px;\" ><div class=\"helper\" style=\"height:130px; width:200px;\" ><img decoding=\"async\" src=\"https:\/\/czasownik.pl\/wp-content\/uploads\/2015\/01\/10-e1428571146207.jpg\" alt=\"Karen Notebook\" title=\"Karen Notebook\" style=\"max-width:200px; padding-left: 10px; padding-right:10px\" ><\/div><\/li><li style=\"height:130px;\" ><div class=\"helper\" style=\"height:130px; width:200px;\" ><img decoding=\"async\" src=\"https:\/\/czasownik.pl\/wp-content\/uploads\/2015\/01\/12-e1428571160614.jpg\" alt=\"Lediberg\" title=\"Lediberg\" style=\"max-width:200px; padding-left: 10px; padding-right:10px\" ><\/div><\/li><li style=\"height:130px;\" ><div class=\"helper\" style=\"height:130px; width:200px;\" ><img decoding=\"async\" src=\"https:\/\/czasownik.pl\/wp-content\/uploads\/2015\/01\/11-2-e1428571154533.jpg\" alt=\"Lego\" title=\"Lego\" style=\"max-width:200px; padding-left: 10px; padding-right:10px\" ><\/div><\/li><li style=\"height:130px;\" ><div class=\"helper\" style=\"height:130px; width:200px;\" ><img decoding=\"async\" src=\"https:\/\/czasownik.pl\/wp-content\/uploads\/2015\/01\/13-e1428571167634.jpg\" alt=\"MediaCom\" title=\"MediaCom\" style=\"max-width:200px; padding-left: 10px; padding-right:10px\" ><\/div><\/li><li style=\"height:130px;\" ><div class=\"helper\" style=\"height:130px; width:200px;\" ><img decoding=\"async\" src=\"https:\/\/czasownik.pl\/wp-content\/uploads\/2015\/01\/14-e1428571174415.jpg\" alt=\"Nielsen\" title=\"Nielsen\" style=\"max-width:200px; padding-left: 10px; padding-right:10px\" ><\/div><\/li><li style=\"height:130px;\" ><div class=\"helper\" style=\"height:130px; width:200px;\" ><img decoding=\"async\" src=\"https:\/\/czasownik.pl\/wp-content\/uploads\/2015\/01\/15-e1428571181450.jpg\" alt=\"Nordea Bank\" title=\"Nordea Bank\" style=\"max-width:200px; padding-left: 10px; padding-right:10px\" ><\/div><\/li><li style=\"height:130px;\" ><div class=\"helper\" style=\"height:130px; width:200px;\" ><img decoding=\"async\" src=\"https:\/\/czasownik.pl\/wp-content\/uploads\/2015\/01\/16-e1428571187770.jpg\" alt=\"OEM Automatic\" title=\"OEM Automatic\" style=\"max-width:200px; padding-left: 10px; padding-right:10px\" ><\/div><\/li><li style=\"height:130px;\" ><div class=\"helper\" style=\"height:130px; width:200px;\" ><img decoding=\"async\" src=\"https:\/\/czasownik.pl\/wp-content\/uploads\/2015\/01\/17-e1428571194129.jpg\" alt=\"Pentor Research International\" title=\"Pentor Research International\" style=\"max-width:200px; padding-left: 10px; padding-right:10px\" ><\/div><\/li><li style=\"height:130px;\" ><div class=\"helper\" style=\"height:130px; width:200px;\" ><img decoding=\"async\" src=\"https:\/\/czasownik.pl\/wp-content\/uploads\/2015\/01\/18-e1428571200457.jpg\" alt=\"Sanofi\" title=\"Sanofi\" style=\"max-width:200px; padding-left: 10px; padding-right:10px\" ><\/div><\/li><li style=\"height:130px;\" ><div class=\"helper\" style=\"height:130px; width:200px;\" ><img decoding=\"async\" src=\"https:\/\/czasownik.pl\/wp-content\/uploads\/2015\/01\/19-e1428571207178.jpg\" alt=\"Skarbiec Holding\" title=\"Skarbiec Holding\" style=\"max-width:200px; padding-left: 10px; padding-right:10px\" ><\/div><\/li><li style=\"height:130px;\" ><div class=\"helper\" style=\"height:130px; width:200px;\" ><img decoding=\"async\" src=\"https:\/\/czasownik.pl\/wp-content\/uploads\/2015\/01\/20-e1428571213190.jpg\" alt=\"Software AG\" title=\"Software AG\" style=\"max-width:200px; padding-left: 10px; padding-right:10px\" ><\/div><\/li><li style=\"height:130px;\" ><div class=\"helper\" style=\"height:130px; width:200px;\" ><img decoding=\"async\" src=\"https:\/\/czasownik.pl\/wp-content\/uploads\/2015\/01\/21-e1428571229758.jpg\" alt=\"Strabag\" title=\"Strabag\" style=\"max-width:200px; padding-left: 10px; padding-right:10px\" ><\/div><\/li><li style=\"height:130px;\" ><div class=\"helper\" style=\"height:130px; width:200px;\" ><img decoding=\"async\" src=\"https:\/\/czasownik.pl\/wp-content\/uploads\/2015\/01\/22-e1428571221295.jpg\" alt=\"TIM Call Center\" title=\"TIM Call Center\" style=\"max-width:200px; padding-left: 10px; padding-right:10px\" ><\/div><\/li><li style=\"height:130px;\" ><div class=\"helper\" style=\"height:130px; width:200px;\" ><img decoding=\"async\" src=\"https:\/\/czasownik.pl\/wp-content\/uploads\/2015\/01\/23-e1428571237368.jpg\" alt=\"United PR\" title=\"United PR\" style=\"max-width:200px; padding-left: 10px; padding-right:10px\" ><\/div><\/li><li style=\"height:130px;\" ><div class=\"helper\" style=\"height:130px; width:200px;\" ><img decoding=\"async\" src=\"https:\/\/czasownik.pl\/wp-content\/uploads\/2015\/01\/24-e1428571043932.jpg\" alt=\"Wolters Kluwer\" title=\"Wolters Kluwer\" style=\"max-width:200px; padding-left: 10px; padding-right:10px\" ><\/div><\/li><\/ul>\n","protected":false},"excerpt":{"rendered":"<p>DNA \u2013 temporary employment agency for a number of years has been specializing in delivery of professional services in human resources management. We specialize in employee leasing, but our experienced team also provides all other recruitment projects and activities in the field of HR consulting. Our cooperation with Polish and foreign Partners is a safeguard&nbsp; &nbsp;<a href=\"https:\/\/czasownik.pl\/en\/services\/employee-leasing\/\">&#8230;Continue Reading<\/a><\/p>\n","protected":false},"author":1,"featured_media":0,"parent":0,"menu_order":0,"comment_status":"closed","ping_status":"closed","template":"","meta":{"footnotes":"","_links_to":"","_links_to_target":""},"class_list":["post-2244","page","type-page","status-publish","hentry"],"yoast_head":"<!-- This site is optimized with the Yoast SEO plugin v27.3 - https:\/\/yoast.com\/product\/yoast-seo-wordpress\/ -->\n<title>ABOUT US - DNA - agencja pracy tymczasowej<\/title>\n<meta name=\"robots\" content=\"index, follow, max-snippet:-1, max-image-preview:large, max-video-preview:-1\" \/>\n<link rel=\"canonical\" href=\"https:\/\/czasownik.pl\/en\/\" \/>\n<meta property=\"og:locale\" content=\"en_US\" \/>\n<meta property=\"og:type\" content=\"article\" \/>\n<meta property=\"og:title\" content=\"ABOUT US - DNA - agencja pracy tymczasowej\" \/>\n<meta property=\"og:description\" content=\"DNA \u2013 temporary employment agency for a number of years has been specializing in delivery of professional services in human resources management. We specialize in employee leasing, but our experienced team also provides all other recruitment projects and activities in the field of HR consulting. Our cooperation with Polish and foreign Partners is a safeguard&nbsp; &nbsp;...Continue Reading\" \/>\n<meta property=\"og:url\" content=\"https:\/\/czasownik.pl\/en\/\" \/>\n<meta property=\"og:site_name\" content=\"DNA agencja pracy tymczasowej\" \/>\n<meta property=\"article:publisher\" content=\"https:\/\/www.facebook.com\/DNA.agencja\" \/>\n<meta property=\"article:modified_time\" content=\"2015-01-23T15:35:26+00:00\" \/>\n<meta name=\"twitter:label1\" content=\"Est. reading time\" \/>\n\t<meta name=\"twitter:data1\" content=\"2 minutes\" \/>\n<script type=\"application\/ld+json\" class=\"yoast-schema-graph\">{\"@context\":\"https:\\\/\\\/schema.org\",\"@graph\":[{\"@type\":\"WebPage\",\"@id\":\"https:\\\/\\\/czasownik.pl\\\/en\\\/\",\"url\":\"https:\\\/\\\/czasownik.pl\\\/en\\\/\",\"name\":\"ABOUT US - DNA - agencja pracy tymczasowej\",\"isPartOf\":{\"@id\":\"https:\\\/\\\/czasownik.pl\\\/#website\"},\"datePublished\":\"2014-12-03T10:33:07+00:00\",\"dateModified\":\"2015-01-23T15:35:26+00:00\",\"breadcrumb\":{\"@id\":\"https:\\\/\\\/czasownik.pl\\\/en\\\/#breadcrumb\"},\"inLanguage\":\"en-US\",\"potentialAction\":[{\"@type\":\"ReadAction\",\"target\":[\"https:\\\/\\\/czasownik.pl\\\/en\\\/\"]}]},{\"@type\":\"BreadcrumbList\",\"@id\":\"https:\\\/\\\/czasownik.pl\\\/en\\\/#breadcrumb\",\"itemListElement\":[{\"@type\":\"ListItem\",\"position\":1,\"name\":\"Strona g\u0142\u00f3wna\",\"item\":\"https:\\\/\\\/czasownik.pl\\\/en\\\/\"},{\"@type\":\"ListItem\",\"position\":2,\"name\":\"ABOUT US\"}]},{\"@type\":\"WebSite\",\"@id\":\"https:\\\/\\\/czasownik.pl\\\/#website\",\"url\":\"https:\\\/\\\/czasownik.pl\\\/\",\"name\":\"DNA agencja pracy tymczasowej\",\"description\":\"DNA \u2013 agencja pracy tymczasowej od 2001 roku oferuje profesjonalne us\u0142ugi w zakresie rekrutacji i zatrudnienia pracownik\u00f3w tymczasowych oraz doradztwa personalnego i prowadzenia rekrutacji sta\u0142ych. Oferujemy us\u0142ugi outsourcingowe z zakresu leasingu pracownik\u00f3w tymczasowych. Specjalizujemy si\u0119 w doborze i zarz\u0105dzaniu zasobami ludzkimi. Jeste\u015bmy ekspertem w selekcji i dostarczaniu personelu. Zapraszamy na stron\u0119: https:\\\/\\\/czasownik.pl\\\/\",\"potentialAction\":[{\"@type\":\"SearchAction\",\"target\":{\"@type\":\"EntryPoint\",\"urlTemplate\":\"https:\\\/\\\/czasownik.pl\\\/?s={search_term_string}\"},\"query-input\":{\"@type\":\"PropertyValueSpecification\",\"valueRequired\":true,\"valueName\":\"search_term_string\"}}],\"inLanguage\":\"en-US\"}]}<\/script>\n<!-- \/ Yoast SEO plugin. -->","yoast_head_json":{"title":"ABOUT US - DNA - agencja pracy tymczasowej","robots":{"index":"index","follow":"follow","max-snippet":"max-snippet:-1","max-image-preview":"max-image-preview:large","max-video-preview":"max-video-preview:-1"},"canonical":"https:\/\/czasownik.pl\/en\/","og_locale":"en_US","og_type":"article","og_title":"ABOUT US - DNA - agencja pracy tymczasowej","og_description":"DNA \u2013 temporary employment agency for a number of years has been specializing in delivery of professional services in human resources management. We specialize in employee leasing, but our experienced team also provides all other recruitment projects and activities in the field of HR consulting. Our cooperation with Polish and foreign Partners is a safeguard&nbsp; &nbsp;...Continue Reading","og_url":"https:\/\/czasownik.pl\/en\/","og_site_name":"DNA agencja pracy tymczasowej","article_publisher":"https:\/\/www.facebook.com\/DNA.agencja","article_modified_time":"2015-01-23T15:35:26+00:00","twitter_misc":{"Est. reading time":"2 minutes"},"schema":{"@context":"https:\/\/schema.org","@graph":[{"@type":"WebPage","@id":"https:\/\/czasownik.pl\/en\/","url":"https:\/\/czasownik.pl\/en\/","name":"ABOUT US - DNA - agencja pracy tymczasowej","isPartOf":{"@id":"https:\/\/czasownik.pl\/#website"},"datePublished":"2014-12-03T10:33:07+00:00","dateModified":"2015-01-23T15:35:26+00:00","breadcrumb":{"@id":"https:\/\/czasownik.pl\/en\/#breadcrumb"},"inLanguage":"en-US","potentialAction":[{"@type":"ReadAction","target":["https:\/\/czasownik.pl\/en\/"]}]},{"@type":"BreadcrumbList","@id":"https:\/\/czasownik.pl\/en\/#breadcrumb","itemListElement":[{"@type":"ListItem","position":1,"name":"Strona g\u0142\u00f3wna","item":"https:\/\/czasownik.pl\/en\/"},{"@type":"ListItem","position":2,"name":"ABOUT US"}]},{"@type":"WebSite","@id":"https:\/\/czasownik.pl\/#website","url":"https:\/\/czasownik.pl\/","name":"DNA agencja pracy tymczasowej","description":"DNA \u2013 agencja pracy tymczasowej od 2001 roku oferuje profesjonalne us\u0142ugi w zakresie rekrutacji i zatrudnienia pracownik\u00f3w tymczasowych oraz doradztwa personalnego i prowadzenia rekrutacji sta\u0142ych. Oferujemy us\u0142ugi outsourcingowe z zakresu leasingu pracownik\u00f3w tymczasowych. Specjalizujemy si\u0119 w doborze i zarz\u0105dzaniu zasobami ludzkimi. Jeste\u015bmy ekspertem w selekcji i dostarczaniu personelu. Zapraszamy na stron\u0119: https:\/\/czasownik.pl\/","potentialAction":[{"@type":"SearchAction","target":{"@type":"EntryPoint","urlTemplate":"https:\/\/czasownik.pl\/?s={search_term_string}"},"query-input":{"@type":"PropertyValueSpecification","valueRequired":true,"valueName":"search_term_string"}}],"inLanguage":"en-US"}]}},"_links":{"self":[{"href":"https:\/\/czasownik.pl\/en\/wp-json\/wp\/v2\/pages\/2244","targetHints":{"allow":["GET"]}}],"collection":[{"href":"https:\/\/czasownik.pl\/en\/wp-json\/wp\/v2\/pages"}],"about":[{"href":"https:\/\/czasownik.pl\/en\/wp-json\/wp\/v2\/types\/page"}],"author":[{"embeddable":true,"href":"https:\/\/czasownik.pl\/en\/wp-json\/wp\/v2\/users\/1"}],"replies":[{"embeddable":true,"href":"https:\/\/czasownik.pl\/en\/wp-json\/wp\/v2\/comments?post=2244"}],"version-history":[{"count":13,"href":"https:\/\/czasownik.pl\/en\/wp-json\/wp\/v2\/pages\/2244\/revisions"}],"predecessor-version":[{"id":2947,"href":"https:\/\/czasownik.pl\/en\/wp-json\/wp\/v2\/pages\/2244\/revisions\/2947"}],"wp:attachment":[{"href":"https:\/\/czasownik.pl\/en\/wp-json\/wp\/v2\/media?parent=2244"}],"curies":[{"name":"wp","href":"https:\/\/api.w.org\/{rel}","templated":true}]}}