{"id":2579,"date":"2014-12-16T20:50:31","date_gmt":"2014-12-16T20:50:31","guid":{"rendered":"http:\/\/dna.nazwa.pl\/czasownik_w\/?page_id=2579"},"modified":"2022-02-01T11:12:09","modified_gmt":"2022-02-01T11:12:09","slug":"contact","status":"publish","type":"page","link":"https:\/\/czasownik.pl\/en\/contact\/","title":{"rendered":"CONTACT"},"content":{"rendered":"<section id=\"contact-us\">\n<header class=\"section-header\"><h2><span>CONTACT<\/span><\/h2><\/p>\n<h3>If you are interested in the services we offer, we encourage you to contact us for pricing.<\/h3>\n<p><\/header>\n<div class=\"row\">\n<div class=\"col-xs-12 col-md-6\">\n<h4 class=\"title\" style=\"text-align: center;\">Contact for Clients<\/h4>\n<div align=\"center\">\n<div class=\"panel\">\n<div class=\"panel-heading\">\n<h3 class=\"panel-title\"><a class=\"accordion-toggle\" href=\"#-1\" data-parent=\"#\" data-toggle=\"collapse\">SHOW E-MAIL<\/a><\/h3>\n<\/div>\n<div id=\"-1\" class=\"panel-collapse collapse \">\n<div class=\"panel-body\"><a href=\"mailto:czasownik@dna.com.pl\">czasownik@dna.com.pl<\/a><\/div>\n<\/div>\n<\/div>\n<div class=\"panel\">\n<div class=\"panel-heading\">\n<h3 class=\"panel-title\"><a class=\"accordion-toggle\" href=\"#-2\" data-parent=\"#\" data-toggle=\"collapse\">SHOW PHONE NUMBER<\/a><\/h3>\n<\/div>\n<div id=\"-2\" class=\"panel-collapse collapse \">\n<div class=\"panel-body\">Phone: +48 22 745 23 35<br \/>\nMobile: +48 512 338 785<\/div>\n<\/div>\n<\/div>\n<\/div>\n<\/div>\n<div class=\"col-xs-12 col-md-6\">\n<h4 class=\"title\" style=\"text-align: center;\">Contact for Employees<\/h4>\n<div align=\"center\">\n<div class=\"panel\">\n<div class=\"panel-heading\">\n<h3 class=\"panel-title\"><a class=\"accordion-toggle\" href=\"#-3\" data-parent=\"#\" data-toggle=\"collapse\">SHOW E-MAIL<\/a><\/h3>\n<\/div>\n<div id=\"-3\" class=\"panel-collapse collapse \">\n<div class=\"panel-body\"><a href=\"mailto:praca@dna.com.pl\">praca@dna.com.pl<\/a><\/div>\n<\/div>\n<\/div>\n<div class=\"panel\">\n<div class=\"panel-heading\">\n<h3 class=\"panel-title\"><a class=\"accordion-toggle\" href=\"#-4\" data-parent=\"#\" data-toggle=\"collapse\">SHOW PHONE NUMBER<\/a><\/h3>\n<\/div>\n<div id=\"-4\" class=\"panel-collapse collapse \">\n<div class=\"panel-body\">+48 500 896 952<\/div>\n<\/div>\n<\/div>\n<\/div>\n<\/div>\n<\/div>\n<div class=\"row\">\t\t<div class=\"col-xs-12 col-sm-4 company-info inner\">\r\n\t\t\t<\/p>\n<p style=\"text-align: center;\"><strong>DNA! sp. z o.o.<\/strong><br \/>\nul. Adama Id\u017akowskiego 5\/7 lok. 2<br \/>\n00-442 Warszawa<\/p>\n<p style=\"text-align: center;\">We have a Certificate of Employment Agency No. 9228.<br \/>\n\t\t<\/div>\r\n\t\t\t<div class=\"col-xs-12 col-sm-8 google-map inner\">\r\n\t\t\t<iframe loading=\"lazy\" style=\"border: 0;\" src=\"https:\/\/www.google.com\/maps\/embed?pb=!1m18!1m12!1m3!1d2444.3655106407286!2d20.987075315796222!3d52.21857687975821!2m3!1f0!2f0!3f0!3m2!1i1024!2i768!4f13.1!3m3!1m2!1s0x471eccbde4ab1355%3A0x2fe6fc960d5e84a8!2sRaszy%C5%84ska+15%2C+Warszawa!5e0!3m2!1spl!2spl!4v1511529076400\" width=\"100%\" height=\"294\" frameborder=\"0\" allowfullscreen=\"allowfullscreen\"><\/iframe>\t\t<\/div>\r\n\t<\/p>\n<p style=\"text-align: left;\"><\/p>\n<p><\/p>\n<p>\n<\/div><\/section>\n<p style=\"text-align: center;\"><span style=\"color: #3d3a3a;\"><strong>DNA &#8211; hostess, models, outsourcing<\/strong><\/span><\/p>\n<p style=\"text-align: justify;\">DNA\u2019s area of specialization is the provision of top-quality services as part of organizing and managing promotional events and employee outsourcing. We hire out hostesses and promotors for trade fairs, galas and conferences and female and male models for all kinds of events. We recruit and hire temporary employees and provide human resources management support. For 15 years we have been operating nationwide, winning confidence of our Polish and foreign partners.<\/p>\n","protected":false},"excerpt":{"rendered":"<p>Contact for Clients SHOW E-MAIL czasownik@dna.com.pl SHOW PHONE NUMBER Phone: +48 22 745 23 35 Mobile: +48 512 338 785 Contact for Employees SHOW E-MAIL praca@dna.com.pl SHOW PHONE NUMBER +48 500 896 952 DNA &#8211; hostess, models, outsourcing DNA\u2019s area of specialization is the provision of top-quality services as part of organizing and managing promotional&nbsp; &nbsp;<a href=\"https:\/\/czasownik.pl\/en\/contact\/\">&#8230;Continue Reading<\/a><\/p>\n","protected":false},"author":1,"featured_media":0,"parent":0,"menu_order":5,"comment_status":"closed","ping_status":"closed","template":"","meta":{"footnotes":"","_links_to":"","_links_to_target":""},"class_list":["post-2579","page","type-page","status-publish","hentry"],"yoast_head":"<!-- This site is optimized with the Yoast SEO plugin v27.3 - https:\/\/yoast.com\/product\/yoast-seo-wordpress\/ -->\n<title>CONTACT - DNA - agencja pracy tymczasowej<\/title>\n<meta name=\"robots\" content=\"index, follow, max-snippet:-1, max-image-preview:large, max-video-preview:-1\" \/>\n<link rel=\"canonical\" href=\"https:\/\/czasownik.pl\/en\/contact\/\" \/>\n<meta property=\"og:locale\" content=\"en_US\" \/>\n<meta property=\"og:type\" content=\"article\" \/>\n<meta property=\"og:title\" content=\"CONTACT - DNA - agencja pracy tymczasowej\" \/>\n<meta property=\"og:description\" content=\"Contact for Clients SHOW E-MAIL czasownik@dna.com.pl SHOW PHONE NUMBER Phone: +48 22 745 23 35 Mobile: +48 512 338 785 Contact for Employees SHOW E-MAIL praca@dna.com.pl SHOW PHONE NUMBER +48 500 896 952 DNA &#8211; hostess, models, outsourcing DNA\u2019s area of specialization is the provision of top-quality services as part of organizing and managing promotional&nbsp; &nbsp;...Continue Reading\" \/>\n<meta property=\"og:url\" content=\"https:\/\/czasownik.pl\/en\/contact\/\" \/>\n<meta property=\"og:site_name\" content=\"DNA agencja pracy tymczasowej\" \/>\n<meta property=\"article:publisher\" content=\"https:\/\/www.facebook.com\/DNA.agencja\" \/>\n<meta property=\"article:modified_time\" content=\"2022-02-01T11:12:09+00:00\" \/>\n<meta name=\"twitter:label1\" content=\"Est. reading time\" \/>\n\t<meta name=\"twitter:data1\" content=\"1 minute\" \/>\n<script type=\"application\/ld+json\" class=\"yoast-schema-graph\">{\"@context\":\"https:\\\/\\\/schema.org\",\"@graph\":[{\"@type\":\"WebPage\",\"@id\":\"https:\\\/\\\/czasownik.pl\\\/en\\\/contact\\\/\",\"url\":\"https:\\\/\\\/czasownik.pl\\\/en\\\/contact\\\/\",\"name\":\"CONTACT - DNA - agencja pracy tymczasowej\",\"isPartOf\":{\"@id\":\"https:\\\/\\\/czasownik.pl\\\/#website\"},\"datePublished\":\"2014-12-16T20:50:31+00:00\",\"dateModified\":\"2022-02-01T11:12:09+00:00\",\"breadcrumb\":{\"@id\":\"https:\\\/\\\/czasownik.pl\\\/en\\\/contact\\\/#breadcrumb\"},\"inLanguage\":\"en-US\",\"potentialAction\":[{\"@type\":\"ReadAction\",\"target\":[\"https:\\\/\\\/czasownik.pl\\\/en\\\/contact\\\/\"]}]},{\"@type\":\"BreadcrumbList\",\"@id\":\"https:\\\/\\\/czasownik.pl\\\/en\\\/contact\\\/#breadcrumb\",\"itemListElement\":[{\"@type\":\"ListItem\",\"position\":1,\"name\":\"Strona g\u0142\u00f3wna\",\"item\":\"https:\\\/\\\/czasownik.pl\\\/en\\\/\"},{\"@type\":\"ListItem\",\"position\":2,\"name\":\"CONTACT\"}]},{\"@type\":\"WebSite\",\"@id\":\"https:\\\/\\\/czasownik.pl\\\/#website\",\"url\":\"https:\\\/\\\/czasownik.pl\\\/\",\"name\":\"DNA agencja pracy tymczasowej\",\"description\":\"DNA \u2013 agencja pracy tymczasowej od 2001 roku oferuje profesjonalne us\u0142ugi w zakresie rekrutacji i zatrudnienia pracownik\u00f3w tymczasowych oraz doradztwa personalnego i prowadzenia rekrutacji sta\u0142ych. Oferujemy us\u0142ugi outsourcingowe z zakresu leasingu pracownik\u00f3w tymczasowych. Specjalizujemy si\u0119 w doborze i zarz\u0105dzaniu zasobami ludzkimi. Jeste\u015bmy ekspertem w selekcji i dostarczaniu personelu. Zapraszamy na stron\u0119: https:\\\/\\\/czasownik.pl\\\/\",\"potentialAction\":[{\"@type\":\"SearchAction\",\"target\":{\"@type\":\"EntryPoint\",\"urlTemplate\":\"https:\\\/\\\/czasownik.pl\\\/?s={search_term_string}\"},\"query-input\":{\"@type\":\"PropertyValueSpecification\",\"valueRequired\":true,\"valueName\":\"search_term_string\"}}],\"inLanguage\":\"en-US\"}]}<\/script>\n<!-- \/ Yoast SEO plugin. -->","yoast_head_json":{"title":"CONTACT - DNA - agencja pracy tymczasowej","robots":{"index":"index","follow":"follow","max-snippet":"max-snippet:-1","max-image-preview":"max-image-preview:large","max-video-preview":"max-video-preview:-1"},"canonical":"https:\/\/czasownik.pl\/en\/contact\/","og_locale":"en_US","og_type":"article","og_title":"CONTACT - DNA - agencja pracy tymczasowej","og_description":"Contact for Clients SHOW E-MAIL czasownik@dna.com.pl SHOW PHONE NUMBER Phone: +48 22 745 23 35 Mobile: +48 512 338 785 Contact for Employees SHOW E-MAIL praca@dna.com.pl SHOW PHONE NUMBER +48 500 896 952 DNA &#8211; hostess, models, outsourcing DNA\u2019s area of specialization is the provision of top-quality services as part of organizing and managing promotional&nbsp; &nbsp;...Continue Reading","og_url":"https:\/\/czasownik.pl\/en\/contact\/","og_site_name":"DNA agencja pracy tymczasowej","article_publisher":"https:\/\/www.facebook.com\/DNA.agencja","article_modified_time":"2022-02-01T11:12:09+00:00","twitter_misc":{"Est. reading time":"1 minute"},"schema":{"@context":"https:\/\/schema.org","@graph":[{"@type":"WebPage","@id":"https:\/\/czasownik.pl\/en\/contact\/","url":"https:\/\/czasownik.pl\/en\/contact\/","name":"CONTACT - DNA - agencja pracy tymczasowej","isPartOf":{"@id":"https:\/\/czasownik.pl\/#website"},"datePublished":"2014-12-16T20:50:31+00:00","dateModified":"2022-02-01T11:12:09+00:00","breadcrumb":{"@id":"https:\/\/czasownik.pl\/en\/contact\/#breadcrumb"},"inLanguage":"en-US","potentialAction":[{"@type":"ReadAction","target":["https:\/\/czasownik.pl\/en\/contact\/"]}]},{"@type":"BreadcrumbList","@id":"https:\/\/czasownik.pl\/en\/contact\/#breadcrumb","itemListElement":[{"@type":"ListItem","position":1,"name":"Strona g\u0142\u00f3wna","item":"https:\/\/czasownik.pl\/en\/"},{"@type":"ListItem","position":2,"name":"CONTACT"}]},{"@type":"WebSite","@id":"https:\/\/czasownik.pl\/#website","url":"https:\/\/czasownik.pl\/","name":"DNA agencja pracy tymczasowej","description":"DNA \u2013 agencja pracy tymczasowej od 2001 roku oferuje profesjonalne us\u0142ugi w zakresie rekrutacji i zatrudnienia pracownik\u00f3w tymczasowych oraz doradztwa personalnego i prowadzenia rekrutacji sta\u0142ych. Oferujemy us\u0142ugi outsourcingowe z zakresu leasingu pracownik\u00f3w tymczasowych. Specjalizujemy si\u0119 w doborze i zarz\u0105dzaniu zasobami ludzkimi. Jeste\u015bmy ekspertem w selekcji i dostarczaniu personelu. Zapraszamy na stron\u0119: https:\/\/czasownik.pl\/","potentialAction":[{"@type":"SearchAction","target":{"@type":"EntryPoint","urlTemplate":"https:\/\/czasownik.pl\/?s={search_term_string}"},"query-input":{"@type":"PropertyValueSpecification","valueRequired":true,"valueName":"search_term_string"}}],"inLanguage":"en-US"}]}},"_links":{"self":[{"href":"https:\/\/czasownik.pl\/en\/wp-json\/wp\/v2\/pages\/2579","targetHints":{"allow":["GET"]}}],"collection":[{"href":"https:\/\/czasownik.pl\/en\/wp-json\/wp\/v2\/pages"}],"about":[{"href":"https:\/\/czasownik.pl\/en\/wp-json\/wp\/v2\/types\/page"}],"author":[{"embeddable":true,"href":"https:\/\/czasownik.pl\/en\/wp-json\/wp\/v2\/users\/1"}],"replies":[{"embeddable":true,"href":"https:\/\/czasownik.pl\/en\/wp-json\/wp\/v2\/comments?post=2579"}],"version-history":[{"count":22,"href":"https:\/\/czasownik.pl\/en\/wp-json\/wp\/v2\/pages\/2579\/revisions"}],"predecessor-version":[{"id":3413,"href":"https:\/\/czasownik.pl\/en\/wp-json\/wp\/v2\/pages\/2579\/revisions\/3413"}],"wp:attachment":[{"href":"https:\/\/czasownik.pl\/en\/wp-json\/wp\/v2\/media?parent=2579"}],"curies":[{"name":"wp","href":"https:\/\/api.w.org\/{rel}","templated":true}]}}