{"id":2595,"date":"2014-12-17T12:18:03","date_gmt":"2014-12-17T12:18:03","guid":{"rendered":"http:\/\/dna.nazwa.pl\/czasownik_w\/?page_id=2595"},"modified":"2018-06-14T13:59:57","modified_gmt":"2018-06-14T13:59:57","slug":"recruitment","status":"publish","type":"page","link":"https:\/\/czasownik.pl\/en\/recruitment\/","title":{"rendered":"RECRUITMENT"},"content":{"rendered":"<div class=\"row\">\n<div class=\"col-xs-12 col-md-4\">\n<h4 class=\"title\">Portal pracaDNA<\/h4>\n<p style=\"text-align: left;\">DNA \u2013 temporary employment agency continuous recruitment of temporary employees. If you want to join our team please register at:<\/p>\n<p style=\"text-align: center;\"><strong><a title=\"DNA - agencja pracy czasowej\" target=\"_blank\" onclick=\"gtag('event', 'DNApraca w Rekrutacja', {'event_category': 'Klikni\u0119cie Linku','event_label': 'en'});\" href=\"http:\/\/www.pracaDNA.pl\">www.pracaDNA.pl<\/a><\/strong><\/p>\n<p style=\"text-align: left;\">Our service is free of charge and registration takes only a few minutes. In return, you will receive access to the latest job offers &#8211; tailored to your skills, interests, and preferences.<\/p>\n<\/div>\n<div class=\"col-xs-12 col-md-8\">\n<h4 class=\"title\">Principles of cooperation:<\/h4>\n<ul>\n<li>Once you have registered in our database, you will receive current job offers.<\/li>\n<li>Jobs and details are sent directly to the employee profile.<\/li>\n<li>If you meet the requirements contained in the announcement, click &#8220;ZGLASZM SIE&#8221;.<\/li>\n<li>If you successfully pass the initial selection you will be contacted.<\/li>\n<li>Those selected will be invited for an interview.<\/li>\n<li>The final decision regarding the selection of candidates will be taken by our Client.<\/li>\n<li>We will inform you by phone or email about the final result of recruitment process.<\/li>\n<\/ul>\n<h4 class=\"title\">Note!<\/h4>\n<p style=\"text-align: left;\">Registration in our database is free and takes only a few minutes. We are waiting for you!<\/p>\n<\/div>\n<\/div>\n<p>&nbsp;<\/p>\n","protected":false},"excerpt":{"rendered":"<p>Portal pracaDNA DNA \u2013 temporary employment agency continuous recruitment of temporary employees. If you want to join our team please register at: www.pracaDNA.pl Our service is free of charge and registration takes only a few minutes. In return, you will receive access to the latest job offers &#8211; tailored to your skills, interests, and preferences.&nbsp; &nbsp;<a href=\"https:\/\/czasownik.pl\/en\/recruitment\/\">&#8230;Continue Reading<\/a><\/p>\n","protected":false},"author":1,"featured_media":2560,"parent":0,"menu_order":4,"comment_status":"closed","ping_status":"closed","template":"page-featured.php","meta":{"footnotes":"","_links_to":"","_links_to_target":""},"class_list":["post-2595","page","type-page","status-publish","has-post-thumbnail","hentry"],"yoast_head":"<!-- This site is optimized with the Yoast SEO plugin v27.3 - https:\/\/yoast.com\/product\/yoast-seo-wordpress\/ -->\n<title>RECRUITMENT - DNA - agencja pracy tymczasowej<\/title>\n<meta name=\"robots\" content=\"index, follow, max-snippet:-1, max-image-preview:large, max-video-preview:-1\" \/>\n<link rel=\"canonical\" href=\"https:\/\/czasownik.pl\/en\/recruitment\/\" \/>\n<meta property=\"og:locale\" content=\"en_US\" \/>\n<meta property=\"og:type\" content=\"article\" \/>\n<meta property=\"og:title\" content=\"RECRUITMENT - DNA - agencja pracy tymczasowej\" \/>\n<meta property=\"og:description\" content=\"Portal pracaDNA DNA \u2013 temporary employment agency continuous recruitment of temporary employees. If you want to join our team please register at: www.pracaDNA.pl Our service is free of charge and registration takes only a few minutes. In return, you will receive access to the latest job offers &#8211; tailored to your skills, interests, and preferences.&nbsp; &nbsp;...Continue Reading\" \/>\n<meta property=\"og:url\" content=\"https:\/\/czasownik.pl\/en\/recruitment\/\" \/>\n<meta property=\"og:site_name\" content=\"DNA agencja pracy tymczasowej\" \/>\n<meta property=\"article:publisher\" content=\"https:\/\/www.facebook.com\/DNA.agencja\" \/>\n<meta property=\"article:modified_time\" content=\"2018-06-14T13:59:57+00:00\" \/>\n<meta property=\"og:image\" content=\"https:\/\/czasownik.pl\/wp-content\/uploads\/2014\/12\/1237883_540235281-e1444390672881.jpg\" \/>\n\t<meta property=\"og:image:width\" content=\"1100\" \/>\n\t<meta property=\"og:image:height\" content=\"503\" \/>\n\t<meta property=\"og:image:type\" content=\"image\/jpeg\" \/>\n<meta name=\"twitter:label1\" content=\"Est. reading time\" \/>\n\t<meta name=\"twitter:data1\" content=\"1 minute\" \/>\n<script type=\"application\/ld+json\" class=\"yoast-schema-graph\">{\"@context\":\"https:\\\/\\\/schema.org\",\"@graph\":[{\"@type\":\"WebPage\",\"@id\":\"https:\\\/\\\/czasownik.pl\\\/en\\\/recruitment\\\/\",\"url\":\"https:\\\/\\\/czasownik.pl\\\/en\\\/recruitment\\\/\",\"name\":\"RECRUITMENT - DNA - agencja pracy tymczasowej\",\"isPartOf\":{\"@id\":\"https:\\\/\\\/czasownik.pl\\\/#website\"},\"primaryImageOfPage\":{\"@id\":\"https:\\\/\\\/czasownik.pl\\\/en\\\/recruitment\\\/#primaryimage\"},\"image\":{\"@id\":\"https:\\\/\\\/czasownik.pl\\\/en\\\/recruitment\\\/#primaryimage\"},\"thumbnailUrl\":\"https:\\\/\\\/czasownik.pl\\\/wp-content\\\/uploads\\\/2014\\\/12\\\/1237883_540235281-e1444390672881.jpg\",\"datePublished\":\"2014-12-17T12:18:03+00:00\",\"dateModified\":\"2018-06-14T13:59:57+00:00\",\"breadcrumb\":{\"@id\":\"https:\\\/\\\/czasownik.pl\\\/en\\\/recruitment\\\/#breadcrumb\"},\"inLanguage\":\"en-US\",\"potentialAction\":[{\"@type\":\"ReadAction\",\"target\":[\"https:\\\/\\\/czasownik.pl\\\/en\\\/recruitment\\\/\"]}]},{\"@type\":\"ImageObject\",\"inLanguage\":\"en-US\",\"@id\":\"https:\\\/\\\/czasownik.pl\\\/en\\\/recruitment\\\/#primaryimage\",\"url\":\"https:\\\/\\\/czasownik.pl\\\/wp-content\\\/uploads\\\/2014\\\/12\\\/1237883_540235281-e1444390672881.jpg\",\"contentUrl\":\"https:\\\/\\\/czasownik.pl\\\/wp-content\\\/uploads\\\/2014\\\/12\\\/1237883_540235281-e1444390672881.jpg\",\"width\":1100,\"height\":503,\"caption\":\"DNA - agencja pracy czasowej i tymczasowej - Rekrutacja\"},{\"@type\":\"BreadcrumbList\",\"@id\":\"https:\\\/\\\/czasownik.pl\\\/en\\\/recruitment\\\/#breadcrumb\",\"itemListElement\":[{\"@type\":\"ListItem\",\"position\":1,\"name\":\"Strona g\u0142\u00f3wna\",\"item\":\"https:\\\/\\\/czasownik.pl\\\/en\\\/\"},{\"@type\":\"ListItem\",\"position\":2,\"name\":\"RECRUITMENT\"}]},{\"@type\":\"WebSite\",\"@id\":\"https:\\\/\\\/czasownik.pl\\\/#website\",\"url\":\"https:\\\/\\\/czasownik.pl\\\/\",\"name\":\"DNA agencja pracy tymczasowej\",\"description\":\"DNA \u2013 agencja pracy tymczasowej od 2001 roku oferuje profesjonalne us\u0142ugi w zakresie rekrutacji i zatrudnienia pracownik\u00f3w tymczasowych oraz doradztwa personalnego i prowadzenia rekrutacji sta\u0142ych. Oferujemy us\u0142ugi outsourcingowe z zakresu leasingu pracownik\u00f3w tymczasowych. Specjalizujemy si\u0119 w doborze i zarz\u0105dzaniu zasobami ludzkimi. Jeste\u015bmy ekspertem w selekcji i dostarczaniu personelu. Zapraszamy na stron\u0119: https:\\\/\\\/czasownik.pl\\\/\",\"potentialAction\":[{\"@type\":\"SearchAction\",\"target\":{\"@type\":\"EntryPoint\",\"urlTemplate\":\"https:\\\/\\\/czasownik.pl\\\/?s={search_term_string}\"},\"query-input\":{\"@type\":\"PropertyValueSpecification\",\"valueRequired\":true,\"valueName\":\"search_term_string\"}}],\"inLanguage\":\"en-US\"}]}<\/script>\n<!-- \/ Yoast SEO plugin. -->","yoast_head_json":{"title":"RECRUITMENT - DNA - agencja pracy tymczasowej","robots":{"index":"index","follow":"follow","max-snippet":"max-snippet:-1","max-image-preview":"max-image-preview:large","max-video-preview":"max-video-preview:-1"},"canonical":"https:\/\/czasownik.pl\/en\/recruitment\/","og_locale":"en_US","og_type":"article","og_title":"RECRUITMENT - DNA - agencja pracy tymczasowej","og_description":"Portal pracaDNA DNA \u2013 temporary employment agency continuous recruitment of temporary employees. If you want to join our team please register at: www.pracaDNA.pl Our service is free of charge and registration takes only a few minutes. In return, you will receive access to the latest job offers &#8211; tailored to your skills, interests, and preferences.&nbsp; &nbsp;...Continue Reading","og_url":"https:\/\/czasownik.pl\/en\/recruitment\/","og_site_name":"DNA agencja pracy tymczasowej","article_publisher":"https:\/\/www.facebook.com\/DNA.agencja","article_modified_time":"2018-06-14T13:59:57+00:00","og_image":[{"width":1100,"height":503,"url":"https:\/\/czasownik.pl\/wp-content\/uploads\/2014\/12\/1237883_540235281-e1444390672881.jpg","type":"image\/jpeg"}],"twitter_misc":{"Est. reading time":"1 minute"},"schema":{"@context":"https:\/\/schema.org","@graph":[{"@type":"WebPage","@id":"https:\/\/czasownik.pl\/en\/recruitment\/","url":"https:\/\/czasownik.pl\/en\/recruitment\/","name":"RECRUITMENT - DNA - agencja pracy tymczasowej","isPartOf":{"@id":"https:\/\/czasownik.pl\/#website"},"primaryImageOfPage":{"@id":"https:\/\/czasownik.pl\/en\/recruitment\/#primaryimage"},"image":{"@id":"https:\/\/czasownik.pl\/en\/recruitment\/#primaryimage"},"thumbnailUrl":"https:\/\/czasownik.pl\/wp-content\/uploads\/2014\/12\/1237883_540235281-e1444390672881.jpg","datePublished":"2014-12-17T12:18:03+00:00","dateModified":"2018-06-14T13:59:57+00:00","breadcrumb":{"@id":"https:\/\/czasownik.pl\/en\/recruitment\/#breadcrumb"},"inLanguage":"en-US","potentialAction":[{"@type":"ReadAction","target":["https:\/\/czasownik.pl\/en\/recruitment\/"]}]},{"@type":"ImageObject","inLanguage":"en-US","@id":"https:\/\/czasownik.pl\/en\/recruitment\/#primaryimage","url":"https:\/\/czasownik.pl\/wp-content\/uploads\/2014\/12\/1237883_540235281-e1444390672881.jpg","contentUrl":"https:\/\/czasownik.pl\/wp-content\/uploads\/2014\/12\/1237883_540235281-e1444390672881.jpg","width":1100,"height":503,"caption":"DNA - agencja pracy czasowej i tymczasowej - Rekrutacja"},{"@type":"BreadcrumbList","@id":"https:\/\/czasownik.pl\/en\/recruitment\/#breadcrumb","itemListElement":[{"@type":"ListItem","position":1,"name":"Strona g\u0142\u00f3wna","item":"https:\/\/czasownik.pl\/en\/"},{"@type":"ListItem","position":2,"name":"RECRUITMENT"}]},{"@type":"WebSite","@id":"https:\/\/czasownik.pl\/#website","url":"https:\/\/czasownik.pl\/","name":"DNA agencja pracy tymczasowej","description":"DNA \u2013 agencja pracy tymczasowej od 2001 roku oferuje profesjonalne us\u0142ugi w zakresie rekrutacji i zatrudnienia pracownik\u00f3w tymczasowych oraz doradztwa personalnego i prowadzenia rekrutacji sta\u0142ych. Oferujemy us\u0142ugi outsourcingowe z zakresu leasingu pracownik\u00f3w tymczasowych. Specjalizujemy si\u0119 w doborze i zarz\u0105dzaniu zasobami ludzkimi. Jeste\u015bmy ekspertem w selekcji i dostarczaniu personelu. Zapraszamy na stron\u0119: https:\/\/czasownik.pl\/","potentialAction":[{"@type":"SearchAction","target":{"@type":"EntryPoint","urlTemplate":"https:\/\/czasownik.pl\/?s={search_term_string}"},"query-input":{"@type":"PropertyValueSpecification","valueRequired":true,"valueName":"search_term_string"}}],"inLanguage":"en-US"}]}},"_links":{"self":[{"href":"https:\/\/czasownik.pl\/en\/wp-json\/wp\/v2\/pages\/2595","targetHints":{"allow":["GET"]}}],"collection":[{"href":"https:\/\/czasownik.pl\/en\/wp-json\/wp\/v2\/pages"}],"about":[{"href":"https:\/\/czasownik.pl\/en\/wp-json\/wp\/v2\/types\/page"}],"author":[{"embeddable":true,"href":"https:\/\/czasownik.pl\/en\/wp-json\/wp\/v2\/users\/1"}],"replies":[{"embeddable":true,"href":"https:\/\/czasownik.pl\/en\/wp-json\/wp\/v2\/comments?post=2595"}],"version-history":[{"count":14,"href":"https:\/\/czasownik.pl\/en\/wp-json\/wp\/v2\/pages\/2595\/revisions"}],"predecessor-version":[{"id":3392,"href":"https:\/\/czasownik.pl\/en\/wp-json\/wp\/v2\/pages\/2595\/revisions\/3392"}],"wp:featuredmedia":[{"embeddable":true,"href":"https:\/\/czasownik.pl\/en\/wp-json\/wp\/v2\/media\/2560"}],"wp:attachment":[{"href":"https:\/\/czasownik.pl\/en\/wp-json\/wp\/v2\/media?parent=2595"}],"curies":[{"name":"wp","href":"https:\/\/api.w.org\/{rel}","templated":true}]}}