{"id":2623,"date":"2014-12-17T13:20:52","date_gmt":"2014-12-17T13:20:52","guid":{"rendered":"http:\/\/dna.nazwa.pl\/czasownik_w\/?page_id=2623"},"modified":"2014-12-30T08:39:37","modified_gmt":"2014-12-30T08:39:37","slug":"temporary-work","status":"publish","type":"page","link":"https:\/\/czasownik.pl\/en\/service\/temporary-work\/","title":{"rendered":"Temporary work"},"content":{"rendered":"<header class=\"section-header\"><h2><span>TEMPORARY WORK<\/span><\/h2><\/p>\n<p><\/header>\n<p><span class=\"dropcap\">T<\/span>emporary work is a specific form of employment, involving delegating the employees hired by us to work for the Customer. With this option, you are able to react and response instantly if there is a demand for employees, without the need of executing a&nbsp;lengthy and costly recruitment process. We also take care of any and all formalities related to employment and any HR and\/or remuneration-related tasks.<\/p>\n<h4 class=\"title\" style=\"text-align: center;\">Below are some of your key benefits:<\/h4>\n<div class=\"row\">\n<div class=\"col-xs-12 col-md-6\">\n<ul>\n<li>Recruitment and selection of personnel directly from our database of staff<\/li>\n<li>Saving time invested in the search for a proper candidate<\/li>\n<li>Much lower employment costs as compared to the employment contract<\/li>\n<li>Outsourcing of tasks in the field of HR and remuneration (payroll)<\/li>\n<\/ul>\n<\/div>\n<div class=\"col-xs-12 col-md-6\">\n<ul>\n<li>Cost-free recruitment and selection process<\/li>\n<li>No need to sign long-term contracts<\/li>\n<li>Possibility of short-term employment<\/li>\n<li>Possibility to test and substitute an employee<\/li>\n<li><strong>Settlement based on VAT invoice<\/strong><\/li>\n<\/ul>\n<\/div>\n<\/div>\n<p>&nbsp;<\/p>\n","protected":false},"excerpt":{"rendered":"<p>Temporary work is a specific form of employment, involving delegating the employees hired by us to work for the Customer. With this option, you are able to react and response instantly if there is a demand for employees, without the need of executing a&nbsp;lengthy and costly recruitment process. We also take care of any and&nbsp; &nbsp;<a href=\"https:\/\/czasownik.pl\/en\/service\/temporary-work\/\">&#8230;Continue Reading<\/a><\/p>\n","protected":false},"author":1,"featured_media":2673,"parent":2598,"menu_order":1,"comment_status":"closed","ping_status":"closed","template":"page-featured.php","meta":{"footnotes":"","_links_to":"","_links_to_target":""},"class_list":["post-2623","page","type-page","status-publish","has-post-thumbnail","hentry"],"yoast_head":"<!-- This site is optimized with the Yoast SEO plugin v27.3 - https:\/\/yoast.com\/product\/yoast-seo-wordpress\/ -->\n<title>Temporary work - DNA - agencja pracy tymczasowej<\/title>\n<meta name=\"robots\" content=\"index, follow, max-snippet:-1, max-image-preview:large, max-video-preview:-1\" \/>\n<link rel=\"canonical\" href=\"https:\/\/czasownik.pl\/en\/service\/temporary-work\/\" \/>\n<meta property=\"og:locale\" content=\"en_US\" \/>\n<meta property=\"og:type\" content=\"article\" \/>\n<meta property=\"og:title\" content=\"Temporary work - DNA - agencja pracy tymczasowej\" \/>\n<meta property=\"og:description\" content=\"Temporary work is a specific form of employment, involving delegating the employees hired by us to work for the Customer. With this option, you are able to react and response instantly if there is a demand for employees, without the need of executing a&nbsp;lengthy and costly recruitment process. We also take care of any and&nbsp; &nbsp;...Continue Reading\" \/>\n<meta property=\"og:url\" content=\"https:\/\/czasownik.pl\/en\/service\/temporary-work\/\" \/>\n<meta property=\"og:site_name\" content=\"DNA agencja pracy tymczasowej\" \/>\n<meta property=\"article:publisher\" content=\"https:\/\/www.facebook.com\/DNA.agencja\" \/>\n<meta property=\"article:modified_time\" content=\"2014-12-30T08:39:37+00:00\" \/>\n<meta property=\"og:image\" content=\"https:\/\/czasownik.pl\/wp-content\/uploads\/2014\/12\/1264271_63367274-e1444390703448.jpg\" \/>\n\t<meta property=\"og:image:width\" content=\"1100\" \/>\n\t<meta property=\"og:image:height\" content=\"503\" \/>\n\t<meta property=\"og:image:type\" content=\"image\/jpeg\" \/>\n<meta name=\"twitter:label1\" content=\"Est. reading time\" \/>\n\t<meta name=\"twitter:data1\" content=\"1 minute\" \/>\n<script type=\"application\/ld+json\" class=\"yoast-schema-graph\">{\"@context\":\"https:\\\/\\\/schema.org\",\"@graph\":[{\"@type\":\"WebPage\",\"@id\":\"https:\\\/\\\/czasownik.pl\\\/en\\\/service\\\/temporary-work\\\/\",\"url\":\"https:\\\/\\\/czasownik.pl\\\/en\\\/service\\\/temporary-work\\\/\",\"name\":\"Temporary work - DNA - agencja pracy tymczasowej\",\"isPartOf\":{\"@id\":\"https:\\\/\\\/czasownik.pl\\\/#website\"},\"primaryImageOfPage\":{\"@id\":\"https:\\\/\\\/czasownik.pl\\\/en\\\/service\\\/temporary-work\\\/#primaryimage\"},\"image\":{\"@id\":\"https:\\\/\\\/czasownik.pl\\\/en\\\/service\\\/temporary-work\\\/#primaryimage\"},\"thumbnailUrl\":\"https:\\\/\\\/czasownik.pl\\\/wp-content\\\/uploads\\\/2014\\\/12\\\/1264271_63367274-e1444390703448.jpg\",\"datePublished\":\"2014-12-17T13:20:52+00:00\",\"dateModified\":\"2014-12-30T08:39:37+00:00\",\"breadcrumb\":{\"@id\":\"https:\\\/\\\/czasownik.pl\\\/en\\\/service\\\/temporary-work\\\/#breadcrumb\"},\"inLanguage\":\"en-US\",\"potentialAction\":[{\"@type\":\"ReadAction\",\"target\":[\"https:\\\/\\\/czasownik.pl\\\/en\\\/service\\\/temporary-work\\\/\"]}]},{\"@type\":\"ImageObject\",\"inLanguage\":\"en-US\",\"@id\":\"https:\\\/\\\/czasownik.pl\\\/en\\\/service\\\/temporary-work\\\/#primaryimage\",\"url\":\"https:\\\/\\\/czasownik.pl\\\/wp-content\\\/uploads\\\/2014\\\/12\\\/1264271_63367274-e1444390703448.jpg\",\"contentUrl\":\"https:\\\/\\\/czasownik.pl\\\/wp-content\\\/uploads\\\/2014\\\/12\\\/1264271_63367274-e1444390703448.jpg\",\"width\":1100,\"height\":503,\"caption\":\"DNA - agencja pracy tymczasowej - Praca tymczasowa\"},{\"@type\":\"BreadcrumbList\",\"@id\":\"https:\\\/\\\/czasownik.pl\\\/en\\\/service\\\/temporary-work\\\/#breadcrumb\",\"itemListElement\":[{\"@type\":\"ListItem\",\"position\":1,\"name\":\"Strona g\u0142\u00f3wna\",\"item\":\"https:\\\/\\\/czasownik.pl\\\/en\\\/\"},{\"@type\":\"ListItem\",\"position\":2,\"name\":\"SERVICES\",\"item\":\"http:\\\/\\\/eng.czasownik.pl\\\/service\\\/temporary-work\\\/\"},{\"@type\":\"ListItem\",\"position\":3,\"name\":\"Temporary work\"}]},{\"@type\":\"WebSite\",\"@id\":\"https:\\\/\\\/czasownik.pl\\\/#website\",\"url\":\"https:\\\/\\\/czasownik.pl\\\/\",\"name\":\"DNA agencja pracy tymczasowej\",\"description\":\"DNA \u2013 agencja pracy tymczasowej od 2001 roku oferuje profesjonalne us\u0142ugi w zakresie rekrutacji i zatrudnienia pracownik\u00f3w tymczasowych oraz doradztwa personalnego i prowadzenia rekrutacji sta\u0142ych. Oferujemy us\u0142ugi outsourcingowe z zakresu leasingu pracownik\u00f3w tymczasowych. Specjalizujemy si\u0119 w doborze i zarz\u0105dzaniu zasobami ludzkimi. Jeste\u015bmy ekspertem w selekcji i dostarczaniu personelu. Zapraszamy na stron\u0119: https:\\\/\\\/czasownik.pl\\\/\",\"potentialAction\":[{\"@type\":\"SearchAction\",\"target\":{\"@type\":\"EntryPoint\",\"urlTemplate\":\"https:\\\/\\\/czasownik.pl\\\/?s={search_term_string}\"},\"query-input\":{\"@type\":\"PropertyValueSpecification\",\"valueRequired\":true,\"valueName\":\"search_term_string\"}}],\"inLanguage\":\"en-US\"}]}<\/script>\n<!-- \/ Yoast SEO plugin. -->","yoast_head_json":{"title":"Temporary work - DNA - agencja pracy tymczasowej","robots":{"index":"index","follow":"follow","max-snippet":"max-snippet:-1","max-image-preview":"max-image-preview:large","max-video-preview":"max-video-preview:-1"},"canonical":"https:\/\/czasownik.pl\/en\/service\/temporary-work\/","og_locale":"en_US","og_type":"article","og_title":"Temporary work - DNA - agencja pracy tymczasowej","og_description":"Temporary work is a specific form of employment, involving delegating the employees hired by us to work for the Customer. With this option, you are able to react and response instantly if there is a demand for employees, without the need of executing a&nbsp;lengthy and costly recruitment process. We also take care of any and&nbsp; &nbsp;...Continue Reading","og_url":"https:\/\/czasownik.pl\/en\/service\/temporary-work\/","og_site_name":"DNA agencja pracy tymczasowej","article_publisher":"https:\/\/www.facebook.com\/DNA.agencja","article_modified_time":"2014-12-30T08:39:37+00:00","og_image":[{"width":1100,"height":503,"url":"https:\/\/czasownik.pl\/wp-content\/uploads\/2014\/12\/1264271_63367274-e1444390703448.jpg","type":"image\/jpeg"}],"twitter_misc":{"Est. reading time":"1 minute"},"schema":{"@context":"https:\/\/schema.org","@graph":[{"@type":"WebPage","@id":"https:\/\/czasownik.pl\/en\/service\/temporary-work\/","url":"https:\/\/czasownik.pl\/en\/service\/temporary-work\/","name":"Temporary work - DNA - agencja pracy tymczasowej","isPartOf":{"@id":"https:\/\/czasownik.pl\/#website"},"primaryImageOfPage":{"@id":"https:\/\/czasownik.pl\/en\/service\/temporary-work\/#primaryimage"},"image":{"@id":"https:\/\/czasownik.pl\/en\/service\/temporary-work\/#primaryimage"},"thumbnailUrl":"https:\/\/czasownik.pl\/wp-content\/uploads\/2014\/12\/1264271_63367274-e1444390703448.jpg","datePublished":"2014-12-17T13:20:52+00:00","dateModified":"2014-12-30T08:39:37+00:00","breadcrumb":{"@id":"https:\/\/czasownik.pl\/en\/service\/temporary-work\/#breadcrumb"},"inLanguage":"en-US","potentialAction":[{"@type":"ReadAction","target":["https:\/\/czasownik.pl\/en\/service\/temporary-work\/"]}]},{"@type":"ImageObject","inLanguage":"en-US","@id":"https:\/\/czasownik.pl\/en\/service\/temporary-work\/#primaryimage","url":"https:\/\/czasownik.pl\/wp-content\/uploads\/2014\/12\/1264271_63367274-e1444390703448.jpg","contentUrl":"https:\/\/czasownik.pl\/wp-content\/uploads\/2014\/12\/1264271_63367274-e1444390703448.jpg","width":1100,"height":503,"caption":"DNA - agencja pracy tymczasowej - Praca tymczasowa"},{"@type":"BreadcrumbList","@id":"https:\/\/czasownik.pl\/en\/service\/temporary-work\/#breadcrumb","itemListElement":[{"@type":"ListItem","position":1,"name":"Strona g\u0142\u00f3wna","item":"https:\/\/czasownik.pl\/en\/"},{"@type":"ListItem","position":2,"name":"SERVICES","item":"http:\/\/eng.czasownik.pl\/service\/temporary-work\/"},{"@type":"ListItem","position":3,"name":"Temporary work"}]},{"@type":"WebSite","@id":"https:\/\/czasownik.pl\/#website","url":"https:\/\/czasownik.pl\/","name":"DNA agencja pracy tymczasowej","description":"DNA \u2013 agencja pracy tymczasowej od 2001 roku oferuje profesjonalne us\u0142ugi w zakresie rekrutacji i zatrudnienia pracownik\u00f3w tymczasowych oraz doradztwa personalnego i prowadzenia rekrutacji sta\u0142ych. Oferujemy us\u0142ugi outsourcingowe z zakresu leasingu pracownik\u00f3w tymczasowych. Specjalizujemy si\u0119 w doborze i zarz\u0105dzaniu zasobami ludzkimi. Jeste\u015bmy ekspertem w selekcji i dostarczaniu personelu. Zapraszamy na stron\u0119: https:\/\/czasownik.pl\/","potentialAction":[{"@type":"SearchAction","target":{"@type":"EntryPoint","urlTemplate":"https:\/\/czasownik.pl\/?s={search_term_string}"},"query-input":{"@type":"PropertyValueSpecification","valueRequired":true,"valueName":"search_term_string"}}],"inLanguage":"en-US"}]}},"_links":{"self":[{"href":"https:\/\/czasownik.pl\/en\/wp-json\/wp\/v2\/pages\/2623","targetHints":{"allow":["GET"]}}],"collection":[{"href":"https:\/\/czasownik.pl\/en\/wp-json\/wp\/v2\/pages"}],"about":[{"href":"https:\/\/czasownik.pl\/en\/wp-json\/wp\/v2\/types\/page"}],"author":[{"embeddable":true,"href":"https:\/\/czasownik.pl\/en\/wp-json\/wp\/v2\/users\/1"}],"replies":[{"embeddable":true,"href":"https:\/\/czasownik.pl\/en\/wp-json\/wp\/v2\/comments?post=2623"}],"version-history":[{"count":6,"href":"https:\/\/czasownik.pl\/en\/wp-json\/wp\/v2\/pages\/2623\/revisions"}],"predecessor-version":[{"id":2773,"href":"https:\/\/czasownik.pl\/en\/wp-json\/wp\/v2\/pages\/2623\/revisions\/2773"}],"up":[{"embeddable":true,"href":"https:\/\/czasownik.pl\/en\/wp-json\/wp\/v2\/pages\/2598"}],"wp:featuredmedia":[{"embeddable":true,"href":"https:\/\/czasownik.pl\/en\/wp-json\/wp\/v2\/media\/2673"}],"wp:attachment":[{"href":"https:\/\/czasownik.pl\/en\/wp-json\/wp\/v2\/media?parent=2623"}],"curies":[{"name":"wp","href":"https:\/\/api.w.org\/{rel}","templated":true}]}}