{"id":2627,"date":"2014-12-17T13:26:34","date_gmt":"2014-12-17T13:26:34","guid":{"rendered":"http:\/\/dna.nazwa.pl\/czasownik_w\/?page_id=2627"},"modified":"2015-05-12T09:50:41","modified_gmt":"2015-05-12T09:50:41","slug":"employee-leasing","status":"publish","type":"page","link":"https:\/\/czasownik.pl\/en\/service\/employee-leasing\/","title":{"rendered":"Employee Leasing"},"content":{"rendered":"<header class=\"section-header\"><h2><span>EMPLOYEE LEASING<\/span><\/h2><\/p>\n<p><\/header>\n<div class=\"row\">\n<div class=\"col-xs-12 col-md-4\">\n<p><span class=\"dropcap\">E<\/span>mployee Leasing is an increasingly used method of optimizing the employment. Temporary employee leasing enables you to both reduce permanent employee\u2019s burden due to routine duties, which result in a\u00a0decrease in motivation and performance, and allows for swift substitution of absent employees.<\/p>\n<\/div>\n<div class=\"col-xs-12 col-md-4\">\n<p><span class=\"dropcap\"> D<\/span>NA runs a database of potential employees, which we update and expand every day. We are distinguished by swift operation and effective performance. We deliver first list of candidates who meet your requirements and needs usually after 72\u00a0hours (but we can shorten this time even up to 24 hours) from placing an order.<\/p>\n<\/div>\n<div class=\"col-xs-12 col-md-4\">\n<p><span class=\"dropcap\">I<\/span>t is the Customer who takes the final decision on employing a given person to perform a particular task. We take care of any and all formalities related to recruitment and employment.<\/p>\n<p style=\"text-align: center;\"><strong><br \/>\nYou are most welcome to submit requests for proposals!<\/strong><\/p>\n<\/div>\n<\/div>\n<h4 class=\"title\">Our Customers often benefit from the formula of employee leasing, hiring:<\/h4>\n<div class=\"row\">\n<div class=\"col-xs-12 col-md-4\">\u2013 office clerks<br \/>\n\u2013 secretaries (male\/female)<br \/>\n\u2013 assistants (male\/female)<\/div>\n<div class=\"col-xs-12 col-md-4\">\u2013 receptionists (male\/female)<br \/>\n\u2013 accountancy employees<\/div>\n<div class=\"col-xs-12 col-md-4\">\n<p>\u2013 telemarketers<br \/>\n\u2013 IT specialists<\/p>\n<\/div>\n<\/div>\n<p>&nbsp;<\/p>\n","protected":false},"excerpt":{"rendered":"<p>Employee Leasing is an increasingly used method of optimizing the employment. Temporary employee leasing enables you to both reduce permanent employee\u2019s burden due to routine duties, which result in a\u00a0decrease in motivation and performance, and allows for swift substitution of absent employees. DNA runs a database of potential employees, which we update and expand every&nbsp; &nbsp;<a href=\"https:\/\/czasownik.pl\/en\/service\/employee-leasing\/\">&#8230;Continue Reading<\/a><\/p>\n","protected":false},"author":1,"featured_media":2710,"parent":2598,"menu_order":2,"comment_status":"closed","ping_status":"closed","template":"page-featured.php","meta":{"footnotes":"","_links_to":"","_links_to_target":""},"class_list":["post-2627","page","type-page","status-publish","has-post-thumbnail","hentry"],"yoast_head":"<!-- This site is optimized with the Yoast SEO plugin v27.3 - https:\/\/yoast.com\/product\/yoast-seo-wordpress\/ -->\n<title>Employee Leasing - DNA - agencja pracy tymczasowej<\/title>\n<meta name=\"robots\" content=\"index, follow, max-snippet:-1, max-image-preview:large, max-video-preview:-1\" \/>\n<link rel=\"canonical\" href=\"https:\/\/czasownik.pl\/en\/service\/employee-leasing\/\" \/>\n<meta property=\"og:locale\" content=\"en_US\" \/>\n<meta property=\"og:type\" content=\"article\" \/>\n<meta property=\"og:title\" content=\"Employee Leasing - DNA - agencja pracy tymczasowej\" \/>\n<meta property=\"og:description\" content=\"Employee Leasing is an increasingly used method of optimizing the employment. Temporary employee leasing enables you to both reduce permanent employee\u2019s burden due to routine duties, which result in a\u00a0decrease in motivation and performance, and allows for swift substitution of absent employees. DNA runs a database of potential employees, which we update and expand every&nbsp; &nbsp;...Continue Reading\" \/>\n<meta property=\"og:url\" content=\"https:\/\/czasownik.pl\/en\/service\/employee-leasing\/\" \/>\n<meta property=\"og:site_name\" content=\"DNA agencja pracy tymczasowej\" \/>\n<meta property=\"article:publisher\" content=\"https:\/\/www.facebook.com\/DNA.agencja\" \/>\n<meta property=\"article:modified_time\" content=\"2015-05-12T09:50:41+00:00\" \/>\n<meta property=\"og:image\" content=\"https:\/\/czasownik.pl\/wp-content\/uploads\/2014\/12\/leasing33-e1444390762758.jpg\" \/>\n\t<meta property=\"og:image:width\" content=\"1100\" \/>\n\t<meta property=\"og:image:height\" content=\"503\" \/>\n\t<meta property=\"og:image:type\" content=\"image\/jpeg\" \/>\n<meta name=\"twitter:label1\" content=\"Est. reading time\" \/>\n\t<meta name=\"twitter:data1\" content=\"1 minute\" \/>\n<script type=\"application\/ld+json\" class=\"yoast-schema-graph\">{\"@context\":\"https:\\\/\\\/schema.org\",\"@graph\":[{\"@type\":\"WebPage\",\"@id\":\"https:\\\/\\\/czasownik.pl\\\/en\\\/service\\\/employee-leasing\\\/\",\"url\":\"https:\\\/\\\/czasownik.pl\\\/en\\\/service\\\/employee-leasing\\\/\",\"name\":\"Employee Leasing - DNA - agencja pracy tymczasowej\",\"isPartOf\":{\"@id\":\"https:\\\/\\\/czasownik.pl\\\/#website\"},\"primaryImageOfPage\":{\"@id\":\"https:\\\/\\\/czasownik.pl\\\/en\\\/service\\\/employee-leasing\\\/#primaryimage\"},\"image\":{\"@id\":\"https:\\\/\\\/czasownik.pl\\\/en\\\/service\\\/employee-leasing\\\/#primaryimage\"},\"thumbnailUrl\":\"https:\\\/\\\/czasownik.pl\\\/wp-content\\\/uploads\\\/2014\\\/12\\\/leasing33-e1444390762758.jpg\",\"datePublished\":\"2014-12-17T13:26:34+00:00\",\"dateModified\":\"2015-05-12T09:50:41+00:00\",\"breadcrumb\":{\"@id\":\"https:\\\/\\\/czasownik.pl\\\/en\\\/service\\\/employee-leasing\\\/#breadcrumb\"},\"inLanguage\":\"en-US\",\"potentialAction\":[{\"@type\":\"ReadAction\",\"target\":[\"https:\\\/\\\/czasownik.pl\\\/en\\\/service\\\/employee-leasing\\\/\"]}]},{\"@type\":\"ImageObject\",\"inLanguage\":\"en-US\",\"@id\":\"https:\\\/\\\/czasownik.pl\\\/en\\\/service\\\/employee-leasing\\\/#primaryimage\",\"url\":\"https:\\\/\\\/czasownik.pl\\\/wp-content\\\/uploads\\\/2014\\\/12\\\/leasing33-e1444390762758.jpg\",\"contentUrl\":\"https:\\\/\\\/czasownik.pl\\\/wp-content\\\/uploads\\\/2014\\\/12\\\/leasing33-e1444390762758.jpg\",\"width\":1100,\"height\":503,\"caption\":\"DNA - agencja pracy tymczasowej - Outsourcing, leasing pracownik\u00f3w\"},{\"@type\":\"BreadcrumbList\",\"@id\":\"https:\\\/\\\/czasownik.pl\\\/en\\\/service\\\/employee-leasing\\\/#breadcrumb\",\"itemListElement\":[{\"@type\":\"ListItem\",\"position\":1,\"name\":\"Strona g\u0142\u00f3wna\",\"item\":\"https:\\\/\\\/czasownik.pl\\\/en\\\/\"},{\"@type\":\"ListItem\",\"position\":2,\"name\":\"SERVICES\",\"item\":\"http:\\\/\\\/eng.czasownik.pl\\\/service\\\/temporary-work\\\/\"},{\"@type\":\"ListItem\",\"position\":3,\"name\":\"Employee Leasing\"}]},{\"@type\":\"WebSite\",\"@id\":\"https:\\\/\\\/czasownik.pl\\\/#website\",\"url\":\"https:\\\/\\\/czasownik.pl\\\/\",\"name\":\"DNA agencja pracy tymczasowej\",\"description\":\"DNA \u2013 agencja pracy tymczasowej od 2001 roku oferuje profesjonalne us\u0142ugi w zakresie rekrutacji i zatrudnienia pracownik\u00f3w tymczasowych oraz doradztwa personalnego i prowadzenia rekrutacji sta\u0142ych. Oferujemy us\u0142ugi outsourcingowe z zakresu leasingu pracownik\u00f3w tymczasowych. Specjalizujemy si\u0119 w doborze i zarz\u0105dzaniu zasobami ludzkimi. Jeste\u015bmy ekspertem w selekcji i dostarczaniu personelu. Zapraszamy na stron\u0119: https:\\\/\\\/czasownik.pl\\\/\",\"potentialAction\":[{\"@type\":\"SearchAction\",\"target\":{\"@type\":\"EntryPoint\",\"urlTemplate\":\"https:\\\/\\\/czasownik.pl\\\/?s={search_term_string}\"},\"query-input\":{\"@type\":\"PropertyValueSpecification\",\"valueRequired\":true,\"valueName\":\"search_term_string\"}}],\"inLanguage\":\"en-US\"}]}<\/script>\n<!-- \/ Yoast SEO plugin. -->","yoast_head_json":{"title":"Employee Leasing - DNA - agencja pracy tymczasowej","robots":{"index":"index","follow":"follow","max-snippet":"max-snippet:-1","max-image-preview":"max-image-preview:large","max-video-preview":"max-video-preview:-1"},"canonical":"https:\/\/czasownik.pl\/en\/service\/employee-leasing\/","og_locale":"en_US","og_type":"article","og_title":"Employee Leasing - DNA - agencja pracy tymczasowej","og_description":"Employee Leasing is an increasingly used method of optimizing the employment. Temporary employee leasing enables you to both reduce permanent employee\u2019s burden due to routine duties, which result in a\u00a0decrease in motivation and performance, and allows for swift substitution of absent employees. DNA runs a database of potential employees, which we update and expand every&nbsp; &nbsp;...Continue Reading","og_url":"https:\/\/czasownik.pl\/en\/service\/employee-leasing\/","og_site_name":"DNA agencja pracy tymczasowej","article_publisher":"https:\/\/www.facebook.com\/DNA.agencja","article_modified_time":"2015-05-12T09:50:41+00:00","og_image":[{"width":1100,"height":503,"url":"https:\/\/czasownik.pl\/wp-content\/uploads\/2014\/12\/leasing33-e1444390762758.jpg","type":"image\/jpeg"}],"twitter_misc":{"Est. reading time":"1 minute"},"schema":{"@context":"https:\/\/schema.org","@graph":[{"@type":"WebPage","@id":"https:\/\/czasownik.pl\/en\/service\/employee-leasing\/","url":"https:\/\/czasownik.pl\/en\/service\/employee-leasing\/","name":"Employee Leasing - DNA - agencja pracy tymczasowej","isPartOf":{"@id":"https:\/\/czasownik.pl\/#website"},"primaryImageOfPage":{"@id":"https:\/\/czasownik.pl\/en\/service\/employee-leasing\/#primaryimage"},"image":{"@id":"https:\/\/czasownik.pl\/en\/service\/employee-leasing\/#primaryimage"},"thumbnailUrl":"https:\/\/czasownik.pl\/wp-content\/uploads\/2014\/12\/leasing33-e1444390762758.jpg","datePublished":"2014-12-17T13:26:34+00:00","dateModified":"2015-05-12T09:50:41+00:00","breadcrumb":{"@id":"https:\/\/czasownik.pl\/en\/service\/employee-leasing\/#breadcrumb"},"inLanguage":"en-US","potentialAction":[{"@type":"ReadAction","target":["https:\/\/czasownik.pl\/en\/service\/employee-leasing\/"]}]},{"@type":"ImageObject","inLanguage":"en-US","@id":"https:\/\/czasownik.pl\/en\/service\/employee-leasing\/#primaryimage","url":"https:\/\/czasownik.pl\/wp-content\/uploads\/2014\/12\/leasing33-e1444390762758.jpg","contentUrl":"https:\/\/czasownik.pl\/wp-content\/uploads\/2014\/12\/leasing33-e1444390762758.jpg","width":1100,"height":503,"caption":"DNA - agencja pracy tymczasowej - Outsourcing, leasing pracownik\u00f3w"},{"@type":"BreadcrumbList","@id":"https:\/\/czasownik.pl\/en\/service\/employee-leasing\/#breadcrumb","itemListElement":[{"@type":"ListItem","position":1,"name":"Strona g\u0142\u00f3wna","item":"https:\/\/czasownik.pl\/en\/"},{"@type":"ListItem","position":2,"name":"SERVICES","item":"http:\/\/eng.czasownik.pl\/service\/temporary-work\/"},{"@type":"ListItem","position":3,"name":"Employee Leasing"}]},{"@type":"WebSite","@id":"https:\/\/czasownik.pl\/#website","url":"https:\/\/czasownik.pl\/","name":"DNA agencja pracy tymczasowej","description":"DNA \u2013 agencja pracy tymczasowej od 2001 roku oferuje profesjonalne us\u0142ugi w zakresie rekrutacji i zatrudnienia pracownik\u00f3w tymczasowych oraz doradztwa personalnego i prowadzenia rekrutacji sta\u0142ych. Oferujemy us\u0142ugi outsourcingowe z zakresu leasingu pracownik\u00f3w tymczasowych. Specjalizujemy si\u0119 w doborze i zarz\u0105dzaniu zasobami ludzkimi. Jeste\u015bmy ekspertem w selekcji i dostarczaniu personelu. Zapraszamy na stron\u0119: https:\/\/czasownik.pl\/","potentialAction":[{"@type":"SearchAction","target":{"@type":"EntryPoint","urlTemplate":"https:\/\/czasownik.pl\/?s={search_term_string}"},"query-input":{"@type":"PropertyValueSpecification","valueRequired":true,"valueName":"search_term_string"}}],"inLanguage":"en-US"}]}},"_links":{"self":[{"href":"https:\/\/czasownik.pl\/en\/wp-json\/wp\/v2\/pages\/2627","targetHints":{"allow":["GET"]}}],"collection":[{"href":"https:\/\/czasownik.pl\/en\/wp-json\/wp\/v2\/pages"}],"about":[{"href":"https:\/\/czasownik.pl\/en\/wp-json\/wp\/v2\/types\/page"}],"author":[{"embeddable":true,"href":"https:\/\/czasownik.pl\/en\/wp-json\/wp\/v2\/users\/1"}],"replies":[{"embeddable":true,"href":"https:\/\/czasownik.pl\/en\/wp-json\/wp\/v2\/comments?post=2627"}],"version-history":[{"count":8,"href":"https:\/\/czasownik.pl\/en\/wp-json\/wp\/v2\/pages\/2627\/revisions"}],"predecessor-version":[{"id":3136,"href":"https:\/\/czasownik.pl\/en\/wp-json\/wp\/v2\/pages\/2627\/revisions\/3136"}],"up":[{"embeddable":true,"href":"https:\/\/czasownik.pl\/en\/wp-json\/wp\/v2\/pages\/2598"}],"wp:featuredmedia":[{"embeddable":true,"href":"https:\/\/czasownik.pl\/en\/wp-json\/wp\/v2\/media\/2710"}],"wp:attachment":[{"href":"https:\/\/czasownik.pl\/en\/wp-json\/wp\/v2\/media?parent=2627"}],"curies":[{"name":"wp","href":"https:\/\/api.w.org\/{rel}","templated":true}]}}