{"id":2629,"date":"2014-12-17T13:27:20","date_gmt":"2014-12-17T13:27:20","guid":{"rendered":"http:\/\/dna.nazwa.pl\/czasownik_w\/?page_id=2629"},"modified":"2014-12-23T13:19:34","modified_gmt":"2014-12-23T13:19:34","slug":"employee-takeover","status":"publish","type":"page","link":"https:\/\/czasownik.pl\/en\/service\/employee-takeover\/","title":{"rendered":"Employee takeover"},"content":{"rendered":"<header class=\"section-header\"><h2><span>EMPLOYEE TAKEOVER<\/span><\/h2><\/p>\n<p><\/header>\n<p><span class=\"dropcap\">A<\/span>fter the period of the employment lease, our Customers can take over (or, in other words, acquire) the employee and to hire them directly in their team. With many years of experience and expertise, our staff are perfectly matched to the positions they held \u2013 that is why our Customers often decide to choose this option and aboard the employee we recruited in their Company. This is a proof ad confirmation of our competences and effectiveness.<\/p>\n<div class=\"row\">\n<div class=\"col-xs-12 col-md-8\">\n<h4 class=\"title\">TRY &amp; HIRE<\/h4>\n<p>Try &amp; Hire is in fact a formula combining the advantages of temporary work and permanent recruitment. Our Customers who use the employee leasing services, often tend to treat the lease time as a trial\/probation period, allowing to make the right decisions concerning the employment of an employee on a permanent basis. This strategy is a safeguard that the employee will meet the expectations he\/she is expected to meet.<\/p>\n<\/div>\n<div class=\"col-xs-12 col-md-4\">\n<\/br><\/br><\/br><\/br><\/p>\n<p style=\"text-align: center;\"><em>The cost of a standard employee acquisitions service, and a Try &amp; Hire model, consists only in a one-off fee stipulated in the contract.<\/em><\/p>\n<\/div>\n<\/div>\n<p>&nbsp;<\/p>\n","protected":false},"excerpt":{"rendered":"<p>After the period of the employment lease, our Customers can take over (or, in other words, acquire) the employee and to hire them directly in their team. With many years of experience and expertise, our staff are perfectly matched to the positions they held \u2013 that is why our Customers often decide to choose this&nbsp; &nbsp;<a href=\"https:\/\/czasownik.pl\/en\/service\/employee-takeover\/\">&#8230;Continue Reading<\/a><\/p>\n","protected":false},"author":1,"featured_media":2674,"parent":2598,"menu_order":3,"comment_status":"closed","ping_status":"closed","template":"page-featured.php","meta":{"footnotes":"","_links_to":"","_links_to_target":""},"class_list":["post-2629","page","type-page","status-publish","has-post-thumbnail","hentry"],"yoast_head":"<!-- This site is optimized with the Yoast SEO plugin v27.3 - https:\/\/yoast.com\/product\/yoast-seo-wordpress\/ -->\n<title>Employee takeover - DNA - agencja pracy tymczasowej<\/title>\n<meta name=\"robots\" content=\"index, follow, max-snippet:-1, max-image-preview:large, max-video-preview:-1\" \/>\n<link rel=\"canonical\" href=\"https:\/\/czasownik.pl\/en\/service\/employee-takeover\/\" \/>\n<meta property=\"og:locale\" content=\"en_US\" \/>\n<meta property=\"og:type\" content=\"article\" \/>\n<meta property=\"og:title\" content=\"Employee takeover - DNA - agencja pracy tymczasowej\" \/>\n<meta property=\"og:description\" content=\"After the period of the employment lease, our Customers can take over (or, in other words, acquire) the employee and to hire them directly in their team. With many years of experience and expertise, our staff are perfectly matched to the positions they held \u2013 that is why our Customers often decide to choose this&nbsp; &nbsp;...Continue Reading\" \/>\n<meta property=\"og:url\" content=\"https:\/\/czasownik.pl\/en\/service\/employee-takeover\/\" \/>\n<meta property=\"og:site_name\" content=\"DNA agencja pracy tymczasowej\" \/>\n<meta property=\"article:publisher\" content=\"https:\/\/www.facebook.com\/DNA.agencja\" \/>\n<meta property=\"article:modified_time\" content=\"2014-12-23T13:19:34+00:00\" \/>\n<meta property=\"og:image\" content=\"https:\/\/czasownik.pl\/wp-content\/uploads\/2014\/12\/przejecie-e1444390721522.jpg\" \/>\n\t<meta property=\"og:image:width\" content=\"1100\" \/>\n\t<meta property=\"og:image:height\" content=\"502\" \/>\n\t<meta property=\"og:image:type\" content=\"image\/jpeg\" \/>\n<meta name=\"twitter:label1\" content=\"Est. reading time\" \/>\n\t<meta name=\"twitter:data1\" content=\"1 minute\" \/>\n<script type=\"application\/ld+json\" class=\"yoast-schema-graph\">{\"@context\":\"https:\\\/\\\/schema.org\",\"@graph\":[{\"@type\":\"WebPage\",\"@id\":\"https:\\\/\\\/czasownik.pl\\\/en\\\/service\\\/employee-takeover\\\/\",\"url\":\"https:\\\/\\\/czasownik.pl\\\/en\\\/service\\\/employee-takeover\\\/\",\"name\":\"Employee takeover - DNA - agencja pracy tymczasowej\",\"isPartOf\":{\"@id\":\"https:\\\/\\\/czasownik.pl\\\/#website\"},\"primaryImageOfPage\":{\"@id\":\"https:\\\/\\\/czasownik.pl\\\/en\\\/service\\\/employee-takeover\\\/#primaryimage\"},\"image\":{\"@id\":\"https:\\\/\\\/czasownik.pl\\\/en\\\/service\\\/employee-takeover\\\/#primaryimage\"},\"thumbnailUrl\":\"https:\\\/\\\/czasownik.pl\\\/wp-content\\\/uploads\\\/2014\\\/12\\\/przejecie-e1444390721522.jpg\",\"datePublished\":\"2014-12-17T13:27:20+00:00\",\"dateModified\":\"2014-12-23T13:19:34+00:00\",\"breadcrumb\":{\"@id\":\"https:\\\/\\\/czasownik.pl\\\/en\\\/service\\\/employee-takeover\\\/#breadcrumb\"},\"inLanguage\":\"en-US\",\"potentialAction\":[{\"@type\":\"ReadAction\",\"target\":[\"https:\\\/\\\/czasownik.pl\\\/en\\\/service\\\/employee-takeover\\\/\"]}]},{\"@type\":\"ImageObject\",\"inLanguage\":\"en-US\",\"@id\":\"https:\\\/\\\/czasownik.pl\\\/en\\\/service\\\/employee-takeover\\\/#primaryimage\",\"url\":\"https:\\\/\\\/czasownik.pl\\\/wp-content\\\/uploads\\\/2014\\\/12\\\/przejecie-e1444390721522.jpg\",\"contentUrl\":\"https:\\\/\\\/czasownik.pl\\\/wp-content\\\/uploads\\\/2014\\\/12\\\/przejecie-e1444390721522.jpg\",\"width\":1100,\"height\":502,\"caption\":\"DNA - agencja pracy tymczasowej - Przej\u0119cie pracownika\"},{\"@type\":\"BreadcrumbList\",\"@id\":\"https:\\\/\\\/czasownik.pl\\\/en\\\/service\\\/employee-takeover\\\/#breadcrumb\",\"itemListElement\":[{\"@type\":\"ListItem\",\"position\":1,\"name\":\"Strona g\u0142\u00f3wna\",\"item\":\"https:\\\/\\\/czasownik.pl\\\/en\\\/\"},{\"@type\":\"ListItem\",\"position\":2,\"name\":\"SERVICES\",\"item\":\"http:\\\/\\\/eng.czasownik.pl\\\/service\\\/temporary-work\\\/\"},{\"@type\":\"ListItem\",\"position\":3,\"name\":\"Employee takeover\"}]},{\"@type\":\"WebSite\",\"@id\":\"https:\\\/\\\/czasownik.pl\\\/#website\",\"url\":\"https:\\\/\\\/czasownik.pl\\\/\",\"name\":\"DNA agencja pracy tymczasowej\",\"description\":\"DNA \u2013 agencja pracy tymczasowej od 2001 roku oferuje profesjonalne us\u0142ugi w zakresie rekrutacji i zatrudnienia pracownik\u00f3w tymczasowych oraz doradztwa personalnego i prowadzenia rekrutacji sta\u0142ych. Oferujemy us\u0142ugi outsourcingowe z zakresu leasingu pracownik\u00f3w tymczasowych. Specjalizujemy si\u0119 w doborze i zarz\u0105dzaniu zasobami ludzkimi. Jeste\u015bmy ekspertem w selekcji i dostarczaniu personelu. Zapraszamy na stron\u0119: https:\\\/\\\/czasownik.pl\\\/\",\"potentialAction\":[{\"@type\":\"SearchAction\",\"target\":{\"@type\":\"EntryPoint\",\"urlTemplate\":\"https:\\\/\\\/czasownik.pl\\\/?s={search_term_string}\"},\"query-input\":{\"@type\":\"PropertyValueSpecification\",\"valueRequired\":true,\"valueName\":\"search_term_string\"}}],\"inLanguage\":\"en-US\"}]}<\/script>\n<!-- \/ Yoast SEO plugin. -->","yoast_head_json":{"title":"Employee takeover - DNA - agencja pracy tymczasowej","robots":{"index":"index","follow":"follow","max-snippet":"max-snippet:-1","max-image-preview":"max-image-preview:large","max-video-preview":"max-video-preview:-1"},"canonical":"https:\/\/czasownik.pl\/en\/service\/employee-takeover\/","og_locale":"en_US","og_type":"article","og_title":"Employee takeover - DNA - agencja pracy tymczasowej","og_description":"After the period of the employment lease, our Customers can take over (or, in other words, acquire) the employee and to hire them directly in their team. With many years of experience and expertise, our staff are perfectly matched to the positions they held \u2013 that is why our Customers often decide to choose this&nbsp; &nbsp;...Continue Reading","og_url":"https:\/\/czasownik.pl\/en\/service\/employee-takeover\/","og_site_name":"DNA agencja pracy tymczasowej","article_publisher":"https:\/\/www.facebook.com\/DNA.agencja","article_modified_time":"2014-12-23T13:19:34+00:00","og_image":[{"width":1100,"height":502,"url":"https:\/\/czasownik.pl\/wp-content\/uploads\/2014\/12\/przejecie-e1444390721522.jpg","type":"image\/jpeg"}],"twitter_misc":{"Est. reading time":"1 minute"},"schema":{"@context":"https:\/\/schema.org","@graph":[{"@type":"WebPage","@id":"https:\/\/czasownik.pl\/en\/service\/employee-takeover\/","url":"https:\/\/czasownik.pl\/en\/service\/employee-takeover\/","name":"Employee takeover - DNA - agencja pracy tymczasowej","isPartOf":{"@id":"https:\/\/czasownik.pl\/#website"},"primaryImageOfPage":{"@id":"https:\/\/czasownik.pl\/en\/service\/employee-takeover\/#primaryimage"},"image":{"@id":"https:\/\/czasownik.pl\/en\/service\/employee-takeover\/#primaryimage"},"thumbnailUrl":"https:\/\/czasownik.pl\/wp-content\/uploads\/2014\/12\/przejecie-e1444390721522.jpg","datePublished":"2014-12-17T13:27:20+00:00","dateModified":"2014-12-23T13:19:34+00:00","breadcrumb":{"@id":"https:\/\/czasownik.pl\/en\/service\/employee-takeover\/#breadcrumb"},"inLanguage":"en-US","potentialAction":[{"@type":"ReadAction","target":["https:\/\/czasownik.pl\/en\/service\/employee-takeover\/"]}]},{"@type":"ImageObject","inLanguage":"en-US","@id":"https:\/\/czasownik.pl\/en\/service\/employee-takeover\/#primaryimage","url":"https:\/\/czasownik.pl\/wp-content\/uploads\/2014\/12\/przejecie-e1444390721522.jpg","contentUrl":"https:\/\/czasownik.pl\/wp-content\/uploads\/2014\/12\/przejecie-e1444390721522.jpg","width":1100,"height":502,"caption":"DNA - agencja pracy tymczasowej - Przej\u0119cie pracownika"},{"@type":"BreadcrumbList","@id":"https:\/\/czasownik.pl\/en\/service\/employee-takeover\/#breadcrumb","itemListElement":[{"@type":"ListItem","position":1,"name":"Strona g\u0142\u00f3wna","item":"https:\/\/czasownik.pl\/en\/"},{"@type":"ListItem","position":2,"name":"SERVICES","item":"http:\/\/eng.czasownik.pl\/service\/temporary-work\/"},{"@type":"ListItem","position":3,"name":"Employee takeover"}]},{"@type":"WebSite","@id":"https:\/\/czasownik.pl\/#website","url":"https:\/\/czasownik.pl\/","name":"DNA agencja pracy tymczasowej","description":"DNA \u2013 agencja pracy tymczasowej od 2001 roku oferuje profesjonalne us\u0142ugi w zakresie rekrutacji i zatrudnienia pracownik\u00f3w tymczasowych oraz doradztwa personalnego i prowadzenia rekrutacji sta\u0142ych. Oferujemy us\u0142ugi outsourcingowe z zakresu leasingu pracownik\u00f3w tymczasowych. Specjalizujemy si\u0119 w doborze i zarz\u0105dzaniu zasobami ludzkimi. Jeste\u015bmy ekspertem w selekcji i dostarczaniu personelu. Zapraszamy na stron\u0119: https:\/\/czasownik.pl\/","potentialAction":[{"@type":"SearchAction","target":{"@type":"EntryPoint","urlTemplate":"https:\/\/czasownik.pl\/?s={search_term_string}"},"query-input":{"@type":"PropertyValueSpecification","valueRequired":true,"valueName":"search_term_string"}}],"inLanguage":"en-US"}]}},"_links":{"self":[{"href":"https:\/\/czasownik.pl\/en\/wp-json\/wp\/v2\/pages\/2629","targetHints":{"allow":["GET"]}}],"collection":[{"href":"https:\/\/czasownik.pl\/en\/wp-json\/wp\/v2\/pages"}],"about":[{"href":"https:\/\/czasownik.pl\/en\/wp-json\/wp\/v2\/types\/page"}],"author":[{"embeddable":true,"href":"https:\/\/czasownik.pl\/en\/wp-json\/wp\/v2\/users\/1"}],"replies":[{"embeddable":true,"href":"https:\/\/czasownik.pl\/en\/wp-json\/wp\/v2\/comments?post=2629"}],"version-history":[{"count":15,"href":"https:\/\/czasownik.pl\/en\/wp-json\/wp\/v2\/pages\/2629\/revisions"}],"predecessor-version":[{"id":2731,"href":"https:\/\/czasownik.pl\/en\/wp-json\/wp\/v2\/pages\/2629\/revisions\/2731"}],"up":[{"embeddable":true,"href":"https:\/\/czasownik.pl\/en\/wp-json\/wp\/v2\/pages\/2598"}],"wp:featuredmedia":[{"embeddable":true,"href":"https:\/\/czasownik.pl\/en\/wp-json\/wp\/v2\/media\/2674"}],"wp:attachment":[{"href":"https:\/\/czasownik.pl\/en\/wp-json\/wp\/v2\/media?parent=2629"}],"curies":[{"name":"wp","href":"https:\/\/api.w.org\/{rel}","templated":true}]}}