{"id":2631,"date":"2014-12-17T13:27:54","date_gmt":"2014-12-17T13:27:54","guid":{"rendered":"http:\/\/dna.nazwa.pl\/czasownik_w\/?page_id=2631"},"modified":"2014-12-23T09:30:15","modified_gmt":"2014-12-23T09:30:15","slug":"permanent-recruitment","status":"publish","type":"page","link":"https:\/\/czasownik.pl\/en\/service\/permanent-recruitment\/","title":{"rendered":"Permanent recruitment"},"content":{"rendered":"<header class=\"section-header\"><h2><span>PERMANENT RECRUITMENT<\/span><\/h2><\/p>\n<p><\/header>\n<p><span class=\"dropcap\">A<\/span>s part of our services, we also provide the permanent recruitment process. Outsourcing the recruitment process, which is often demanding and time-consuming, in particular in small and medium businesses, generates substantial savings not only as regards financial resources, but also time and energy that may be invested in core areas of activity.<\/p>\n<h4 class=\"title\">The process of recruitment is organised in the following stages:<\/h4>\n<div class=\"row\">\n<div class=\"col-xs-12 col-md-6\">\n<ul>\n<li>development of a candidate\u2019s profile based on customer expectations<\/li>\n<li>recruitment process based on the internal database<\/li>\n<li>publication of job offers in the press, on the Internet and on social networking sites<\/li>\n<li>selection of candidates with specific skills<\/li>\n<li>phone interviews with selected candidates<\/li>\n<\/ul>\n<\/div>\n<div class=\"col-xs-12 col-md-6\">\n<ul>\n<li>recruitment meetings with selected candidates<\/li>\n<li>short listing of a specific number of candidates<\/li>\n<li>submitting to the Customer a selected group of candidates and recommendations<\/li>\n<li>appointment of individual Customer\u2019s meetings with selected candidates<\/li>\n<li>supporting the Customer in making final selection of the employee<\/li>\n<\/ul>\n<\/div>\n<\/div>\n<p>&nbsp;<\/p>\n","protected":false},"excerpt":{"rendered":"<p>As part of our services, we also provide the permanent recruitment process. Outsourcing the recruitment process, which is often demanding and time-consuming, in particular in small and medium businesses, generates substantial savings not only as regards financial resources, but also time and energy that may be invested in core areas of activity. The process of&nbsp; &nbsp;<a href=\"https:\/\/czasownik.pl\/en\/service\/permanent-recruitment\/\">&#8230;Continue Reading<\/a><\/p>\n","protected":false},"author":1,"featured_media":2713,"parent":2598,"menu_order":4,"comment_status":"closed","ping_status":"closed","template":"page-featured.php","meta":{"footnotes":"","_links_to":"","_links_to_target":""},"class_list":["post-2631","page","type-page","status-publish","has-post-thumbnail","hentry"],"yoast_head":"<!-- This site is optimized with the Yoast SEO plugin v27.3 - https:\/\/yoast.com\/product\/yoast-seo-wordpress\/ -->\n<title>Permanent recruitment - DNA - agencja pracy tymczasowej<\/title>\n<meta name=\"robots\" content=\"index, follow, max-snippet:-1, max-image-preview:large, max-video-preview:-1\" \/>\n<link rel=\"canonical\" href=\"https:\/\/czasownik.pl\/en\/service\/permanent-recruitment\/\" \/>\n<meta property=\"og:locale\" content=\"en_US\" \/>\n<meta property=\"og:type\" content=\"article\" \/>\n<meta property=\"og:title\" content=\"Permanent recruitment - DNA - agencja pracy tymczasowej\" \/>\n<meta property=\"og:description\" content=\"As part of our services, we also provide the permanent recruitment process. Outsourcing the recruitment process, which is often demanding and time-consuming, in particular in small and medium businesses, generates substantial savings not only as regards financial resources, but also time and energy that may be invested in core areas of activity. The process of&nbsp; &nbsp;...Continue Reading\" \/>\n<meta property=\"og:url\" content=\"https:\/\/czasownik.pl\/en\/service\/permanent-recruitment\/\" \/>\n<meta property=\"og:site_name\" content=\"DNA agencja pracy tymczasowej\" \/>\n<meta property=\"article:publisher\" content=\"https:\/\/www.facebook.com\/DNA.agencja\" \/>\n<meta property=\"article:modified_time\" content=\"2014-12-23T09:30:15+00:00\" \/>\n<meta property=\"og:image\" content=\"https:\/\/czasownik.pl\/wp-content\/uploads\/2014\/12\/1065245_79106935-e1444390787293.jpg\" \/>\n\t<meta property=\"og:image:width\" content=\"1100\" \/>\n\t<meta property=\"og:image:height\" content=\"503\" \/>\n\t<meta property=\"og:image:type\" content=\"image\/jpeg\" \/>\n<meta name=\"twitter:label1\" content=\"Est. reading time\" \/>\n\t<meta name=\"twitter:data1\" content=\"1 minute\" \/>\n<script type=\"application\/ld+json\" class=\"yoast-schema-graph\">{\"@context\":\"https:\\\/\\\/schema.org\",\"@graph\":[{\"@type\":\"WebPage\",\"@id\":\"https:\\\/\\\/czasownik.pl\\\/en\\\/service\\\/permanent-recruitment\\\/\",\"url\":\"https:\\\/\\\/czasownik.pl\\\/en\\\/service\\\/permanent-recruitment\\\/\",\"name\":\"Permanent recruitment - DNA - agencja pracy tymczasowej\",\"isPartOf\":{\"@id\":\"https:\\\/\\\/czasownik.pl\\\/#website\"},\"primaryImageOfPage\":{\"@id\":\"https:\\\/\\\/czasownik.pl\\\/en\\\/service\\\/permanent-recruitment\\\/#primaryimage\"},\"image\":{\"@id\":\"https:\\\/\\\/czasownik.pl\\\/en\\\/service\\\/permanent-recruitment\\\/#primaryimage\"},\"thumbnailUrl\":\"https:\\\/\\\/czasownik.pl\\\/wp-content\\\/uploads\\\/2014\\\/12\\\/1065245_79106935-e1444390787293.jpg\",\"datePublished\":\"2014-12-17T13:27:54+00:00\",\"dateModified\":\"2014-12-23T09:30:15+00:00\",\"breadcrumb\":{\"@id\":\"https:\\\/\\\/czasownik.pl\\\/en\\\/service\\\/permanent-recruitment\\\/#breadcrumb\"},\"inLanguage\":\"en-US\",\"potentialAction\":[{\"@type\":\"ReadAction\",\"target\":[\"https:\\\/\\\/czasownik.pl\\\/en\\\/service\\\/permanent-recruitment\\\/\"]}]},{\"@type\":\"ImageObject\",\"inLanguage\":\"en-US\",\"@id\":\"https:\\\/\\\/czasownik.pl\\\/en\\\/service\\\/permanent-recruitment\\\/#primaryimage\",\"url\":\"https:\\\/\\\/czasownik.pl\\\/wp-content\\\/uploads\\\/2014\\\/12\\\/1065245_79106935-e1444390787293.jpg\",\"contentUrl\":\"https:\\\/\\\/czasownik.pl\\\/wp-content\\\/uploads\\\/2014\\\/12\\\/1065245_79106935-e1444390787293.jpg\",\"width\":1100,\"height\":503,\"caption\":\"DNA - agencja pracy tymczasowej - Rekrutacje sta\u0142e\"},{\"@type\":\"BreadcrumbList\",\"@id\":\"https:\\\/\\\/czasownik.pl\\\/en\\\/service\\\/permanent-recruitment\\\/#breadcrumb\",\"itemListElement\":[{\"@type\":\"ListItem\",\"position\":1,\"name\":\"Strona g\u0142\u00f3wna\",\"item\":\"https:\\\/\\\/czasownik.pl\\\/en\\\/\"},{\"@type\":\"ListItem\",\"position\":2,\"name\":\"SERVICES\",\"item\":\"http:\\\/\\\/eng.czasownik.pl\\\/service\\\/temporary-work\\\/\"},{\"@type\":\"ListItem\",\"position\":3,\"name\":\"Permanent recruitment\"}]},{\"@type\":\"WebSite\",\"@id\":\"https:\\\/\\\/czasownik.pl\\\/#website\",\"url\":\"https:\\\/\\\/czasownik.pl\\\/\",\"name\":\"DNA agencja pracy tymczasowej\",\"description\":\"DNA \u2013 agencja pracy tymczasowej od 2001 roku oferuje profesjonalne us\u0142ugi w zakresie rekrutacji i zatrudnienia pracownik\u00f3w tymczasowych oraz doradztwa personalnego i prowadzenia rekrutacji sta\u0142ych. Oferujemy us\u0142ugi outsourcingowe z zakresu leasingu pracownik\u00f3w tymczasowych. Specjalizujemy si\u0119 w doborze i zarz\u0105dzaniu zasobami ludzkimi. Jeste\u015bmy ekspertem w selekcji i dostarczaniu personelu. Zapraszamy na stron\u0119: https:\\\/\\\/czasownik.pl\\\/\",\"potentialAction\":[{\"@type\":\"SearchAction\",\"target\":{\"@type\":\"EntryPoint\",\"urlTemplate\":\"https:\\\/\\\/czasownik.pl\\\/?s={search_term_string}\"},\"query-input\":{\"@type\":\"PropertyValueSpecification\",\"valueRequired\":true,\"valueName\":\"search_term_string\"}}],\"inLanguage\":\"en-US\"}]}<\/script>\n<!-- \/ Yoast SEO plugin. -->","yoast_head_json":{"title":"Permanent recruitment - DNA - agencja pracy tymczasowej","robots":{"index":"index","follow":"follow","max-snippet":"max-snippet:-1","max-image-preview":"max-image-preview:large","max-video-preview":"max-video-preview:-1"},"canonical":"https:\/\/czasownik.pl\/en\/service\/permanent-recruitment\/","og_locale":"en_US","og_type":"article","og_title":"Permanent recruitment - DNA - agencja pracy tymczasowej","og_description":"As part of our services, we also provide the permanent recruitment process. Outsourcing the recruitment process, which is often demanding and time-consuming, in particular in small and medium businesses, generates substantial savings not only as regards financial resources, but also time and energy that may be invested in core areas of activity. The process of&nbsp; &nbsp;...Continue Reading","og_url":"https:\/\/czasownik.pl\/en\/service\/permanent-recruitment\/","og_site_name":"DNA agencja pracy tymczasowej","article_publisher":"https:\/\/www.facebook.com\/DNA.agencja","article_modified_time":"2014-12-23T09:30:15+00:00","og_image":[{"width":1100,"height":503,"url":"https:\/\/czasownik.pl\/wp-content\/uploads\/2014\/12\/1065245_79106935-e1444390787293.jpg","type":"image\/jpeg"}],"twitter_misc":{"Est. reading time":"1 minute"},"schema":{"@context":"https:\/\/schema.org","@graph":[{"@type":"WebPage","@id":"https:\/\/czasownik.pl\/en\/service\/permanent-recruitment\/","url":"https:\/\/czasownik.pl\/en\/service\/permanent-recruitment\/","name":"Permanent recruitment - DNA - agencja pracy tymczasowej","isPartOf":{"@id":"https:\/\/czasownik.pl\/#website"},"primaryImageOfPage":{"@id":"https:\/\/czasownik.pl\/en\/service\/permanent-recruitment\/#primaryimage"},"image":{"@id":"https:\/\/czasownik.pl\/en\/service\/permanent-recruitment\/#primaryimage"},"thumbnailUrl":"https:\/\/czasownik.pl\/wp-content\/uploads\/2014\/12\/1065245_79106935-e1444390787293.jpg","datePublished":"2014-12-17T13:27:54+00:00","dateModified":"2014-12-23T09:30:15+00:00","breadcrumb":{"@id":"https:\/\/czasownik.pl\/en\/service\/permanent-recruitment\/#breadcrumb"},"inLanguage":"en-US","potentialAction":[{"@type":"ReadAction","target":["https:\/\/czasownik.pl\/en\/service\/permanent-recruitment\/"]}]},{"@type":"ImageObject","inLanguage":"en-US","@id":"https:\/\/czasownik.pl\/en\/service\/permanent-recruitment\/#primaryimage","url":"https:\/\/czasownik.pl\/wp-content\/uploads\/2014\/12\/1065245_79106935-e1444390787293.jpg","contentUrl":"https:\/\/czasownik.pl\/wp-content\/uploads\/2014\/12\/1065245_79106935-e1444390787293.jpg","width":1100,"height":503,"caption":"DNA - agencja pracy tymczasowej - Rekrutacje sta\u0142e"},{"@type":"BreadcrumbList","@id":"https:\/\/czasownik.pl\/en\/service\/permanent-recruitment\/#breadcrumb","itemListElement":[{"@type":"ListItem","position":1,"name":"Strona g\u0142\u00f3wna","item":"https:\/\/czasownik.pl\/en\/"},{"@type":"ListItem","position":2,"name":"SERVICES","item":"http:\/\/eng.czasownik.pl\/service\/temporary-work\/"},{"@type":"ListItem","position":3,"name":"Permanent recruitment"}]},{"@type":"WebSite","@id":"https:\/\/czasownik.pl\/#website","url":"https:\/\/czasownik.pl\/","name":"DNA agencja pracy tymczasowej","description":"DNA \u2013 agencja pracy tymczasowej od 2001 roku oferuje profesjonalne us\u0142ugi w zakresie rekrutacji i zatrudnienia pracownik\u00f3w tymczasowych oraz doradztwa personalnego i prowadzenia rekrutacji sta\u0142ych. Oferujemy us\u0142ugi outsourcingowe z zakresu leasingu pracownik\u00f3w tymczasowych. Specjalizujemy si\u0119 w doborze i zarz\u0105dzaniu zasobami ludzkimi. Jeste\u015bmy ekspertem w selekcji i dostarczaniu personelu. Zapraszamy na stron\u0119: https:\/\/czasownik.pl\/","potentialAction":[{"@type":"SearchAction","target":{"@type":"EntryPoint","urlTemplate":"https:\/\/czasownik.pl\/?s={search_term_string}"},"query-input":{"@type":"PropertyValueSpecification","valueRequired":true,"valueName":"search_term_string"}}],"inLanguage":"en-US"}]}},"_links":{"self":[{"href":"https:\/\/czasownik.pl\/en\/wp-json\/wp\/v2\/pages\/2631","targetHints":{"allow":["GET"]}}],"collection":[{"href":"https:\/\/czasownik.pl\/en\/wp-json\/wp\/v2\/pages"}],"about":[{"href":"https:\/\/czasownik.pl\/en\/wp-json\/wp\/v2\/types\/page"}],"author":[{"embeddable":true,"href":"https:\/\/czasownik.pl\/en\/wp-json\/wp\/v2\/users\/1"}],"replies":[{"embeddable":true,"href":"https:\/\/czasownik.pl\/en\/wp-json\/wp\/v2\/comments?post=2631"}],"version-history":[{"count":4,"href":"https:\/\/czasownik.pl\/en\/wp-json\/wp\/v2\/pages\/2631\/revisions"}],"predecessor-version":[{"id":2648,"href":"https:\/\/czasownik.pl\/en\/wp-json\/wp\/v2\/pages\/2631\/revisions\/2648"}],"up":[{"embeddable":true,"href":"https:\/\/czasownik.pl\/en\/wp-json\/wp\/v2\/pages\/2598"}],"wp:featuredmedia":[{"embeddable":true,"href":"https:\/\/czasownik.pl\/en\/wp-json\/wp\/v2\/media\/2713"}],"wp:attachment":[{"href":"https:\/\/czasownik.pl\/en\/wp-json\/wp\/v2\/media?parent=2631"}],"curies":[{"name":"wp","href":"https:\/\/api.w.org\/{rel}","templated":true}]}}