{"id":2788,"date":"2014-12-30T09:33:48","date_gmt":"2014-12-30T09:33:48","guid":{"rendered":"https:\/\/czasownik.pl\/?page_id=2788"},"modified":"2014-12-30T13:12:45","modified_gmt":"2014-12-30T13:12:45","slug":"get-a-quote","status":"publish","type":"page","link":"https:\/\/czasownik.pl\/en\/contact\/get-a-quote\/","title":{"rendered":"Get a quote"},"content":{"rendered":"<h1 style=\"text-align: left;\"><span style=\"color: #0d2f56;\">Get a quote<\/span><\/h1>\n<h3>If you are interested in our offer please contact us and we will immediately prepare a detailed estimate of the service.<\/h3>\n<p>The cost of our services depends on many factors but, as a rule, it is the product of hourly or daily rate of pay. We prefer clear and transparent rules of cooperation; therefore you do not incur any costs until the moment of hiring an employee.<\/p>\n<p>Please carefully fill in the form. Full set of information will help us to prepare a precise pricing. The price depends not only on the number of hours of work, but also on the type of work, scope of tasks, and the location of service provision (town).<\/p>\n<p><em>Mandatory fields are marked with an asterisk.<\/em><\/p>\n\n<div class=\"wpcf7 no-js\" id=\"wpcf7-f2780-o1\" lang=\"en-US\" dir=\"ltr\" data-wpcf7-id=\"2780\">\n<div class=\"screen-reader-response\"><p role=\"status\" aria-live=\"polite\" aria-atomic=\"true\"><\/p> <ul><\/ul><\/div>\n<form action=\"\/en\/wp-json\/wp\/v2\/pages\/2788#wpcf7-f2780-o1\" method=\"post\" class=\"wpcf7-form init\" aria-label=\"Contact form\" novalidate=\"novalidate\" data-status=\"init\">\n<fieldset class=\"hidden-fields-container\"><input type=\"hidden\" name=\"_wpcf7\" value=\"2780\" \/><input type=\"hidden\" name=\"_wpcf7_version\" value=\"6.1.5\" \/><input type=\"hidden\" name=\"_wpcf7_locale\" value=\"en_US\" \/><input type=\"hidden\" name=\"_wpcf7_unit_tag\" value=\"wpcf7-f2780-o1\" \/><input type=\"hidden\" name=\"_wpcf7_container_post\" value=\"0\" \/><input type=\"hidden\" name=\"_wpcf7_posted_data_hash\" value=\"\" \/>\n<\/fieldset>\n<p>Name*\n<\/p>\n<p><span class=\"wpcf7-form-control-wrap\" data-name=\"your-name\"><input size=\"40\" maxlength=\"400\" class=\"wpcf7-form-control wpcf7-text wpcf7-validates-as-required\" aria-required=\"true\" aria-invalid=\"false\" value=\"\" type=\"text\" name=\"your-name\" \/><\/span>\n<\/p>\n<p>Company\n<\/p>\n<p><span class=\"wpcf7-form-control-wrap\" data-name=\"company\"><input size=\"40\" maxlength=\"400\" class=\"wpcf7-form-control wpcf7-text\" aria-invalid=\"false\" value=\"\" type=\"text\" name=\"company\" \/><\/span>\n<\/p>\n<p>E-mail*\n<\/p>\n<p><span class=\"wpcf7-form-control-wrap\" data-name=\"your-email\"><input size=\"40\" maxlength=\"400\" class=\"wpcf7-form-control wpcf7-email wpcf7-validates-as-required wpcf7-text wpcf7-validates-as-email\" aria-required=\"true\" aria-invalid=\"false\" value=\"\" type=\"email\" name=\"your-email\" \/><\/span>\n<\/p>\n<p>Phone number*\n<\/p>\n<p><span class=\"wpcf7-form-control-wrap\" data-name=\"tel-261\"><input size=\"40\" maxlength=\"400\" class=\"wpcf7-form-control wpcf7-tel wpcf7-validates-as-required wpcf7-text wpcf7-validates-as-tel\" aria-required=\"true\" aria-invalid=\"false\" value=\"\" type=\"tel\" name=\"tel-261\" \/><\/span>\n<\/p>\n<p>Subject*\n<\/p>\n<p><span class=\"wpcf7-form-control-wrap\" data-name=\"your-subject\"><input size=\"40\" maxlength=\"400\" class=\"wpcf7-form-control wpcf7-text wpcf7-validates-as-required\" aria-required=\"true\" aria-invalid=\"false\" value=\"\" type=\"text\" name=\"your-subject\" \/><\/span>\n<\/p>\n<p>Message*\n<\/p>\n<p><span class=\"wpcf7-form-control-wrap\" data-name=\"your-message\"><textarea cols=\"40\" rows=\"10\" maxlength=\"2000\" class=\"wpcf7-form-control wpcf7-textarea wpcf7-validates-as-required\" aria-required=\"true\" aria-invalid=\"false\" name=\"your-message\"><\/textarea><\/span>\n<\/p>\n<p style=\"font-size:80%; text-align: justify;\"><br \/>\nPersonal data are processed in accordance with art. 23 sec. 1 point 5<br \/>\nof the Act on the Protection of Personal Data (Journal of Laws of 2015,<br \/>\nitem 2135, as amended) by DNA! sp. z o.o. with headquarters in<br \/>\nWarsaw (00-442), ul. Id\u017akowskiego 5\/7\/2, in order to present a&nbsp;commercial<br \/>\noffer as well as for marketing purposes. Providing personal data<br \/>\nvoluntarily, by accepting the following statements.<br \/>\n<span class=\"wpcf7-form-control-wrap\" data-name=\"acceptance1\"><span class=\"wpcf7-form-control wpcf7-acceptance\"><span class=\"wpcf7-list-item\"><input type=\"checkbox\" name=\"acceptance1\" value=\"1\" aria-invalid=\"false\" \/><\/span><\/span><\/span> I consent to the processing of my personal data for the purpose of<br \/>\nfulfilling my request.<br \/>\n<span class=\"wpcf7-form-control-wrap\" data-name=\"acceptance2\"><span class=\"wpcf7-form-control wpcf7-acceptance\"><span class=\"wpcf7-list-item\"><input type=\"checkbox\" name=\"acceptance2\" value=\"1\" aria-invalid=\"false\" \/><\/span><\/span><\/span> I realize that at any moment I&nbsp;may request the cessation of processing<br \/>\nof the personal data I&nbsp;have provided for marketing purposes, and that such<br \/>\na&nbsp;request will result in deletion of the data from any databases used for<br \/>\nmarketing purposes,<br \/>\n<span class=\"wpcf7-form-control-wrap\" data-name=\"acceptance3\"><span class=\"wpcf7-form-control wpcf7-acceptance\"><span class=\"wpcf7-list-item\"><input type=\"checkbox\" name=\"acceptance3\" value=\"1\" aria-invalid=\"false\" \/><\/span><\/span><\/span> I consent to correspondence by electronic means, in accordance to<br \/>\nthe Act on Rendering Services Electronically (consolidated text: Journal of<br \/>\nLaws of 2016 item 1030, 1579), as well as by phone.\n<\/p>\n<p><div class=\"cf7-cf-turnstile\" style=\"margin-top: 0px; margin-bottom: -15px;\"> <div id=\"cf-turnstile-cf7-472169657\" class=\"cf-turnstile\" data-callback=\"turnstileCF7Callback\" data-sitekey=\"0x4AAAAAAADPnZVANin2OxQJ\" data-theme=\"light\" data-language=\"auto\" data-size=\"\" data-retry=\"auto\" data-retry-interval=\"1000\" data-refresh-expired=\"auto\" data-refresh-timeout=\"auto\" data-action=\"contact-form-7\" data-callback=\"turnstileCF7Callback\" data-appearance=\"always\"><\/div> <style>.wpcf7-submit { pointer-events: none; opacity: 0.5; }<\/style> <script>document.addEventListener(\"DOMContentLoaded\", function() { setTimeout(function(){ var e=document.getElementById(\"cf-turnstile-cf7-472169657\"); if(e&&!e.innerHTML.trim()){turnstile.render(e, {sitekey:\"0x4AAAAAAADPnZVANin2OxQJ\"});} }, 200); });<\/script> <br class=\"cf-turnstile-br cf-turnstile-br-cf7-472169657\"> <style>#cf-turnstile-cf7-472169657 { margin-left: -15px; }<\/style> <script>document.addEventListener(\"DOMContentLoaded\",function(){document.querySelectorAll('.wpcf7-form').forEach(function(e){e.addEventListener('submit',function(){if(document.getElementById('cf-turnstile-cf7-472169657')){setTimeout(function(){turnstile.reset('#cf-turnstile-cf7-472169657');},1000)}})})});<\/script> <\/div>\n<\/p>\n<p><input class=\"wpcf7-form-control wpcf7-submit has-spinner\" type=\"submit\" value=\"Send\" \/>\n<\/p><div class=\"wpcf7-response-output\" aria-hidden=\"true\"><\/div>\n<\/form>\n<\/div>\n\n","protected":false},"excerpt":{"rendered":"<p>Get a quote If you are interested in our offer please contact us and we will immediately prepare a detailed estimate of the service. The cost of our services depends on many factors but, as a rule, it is the product of hourly or daily rate of pay. We prefer clear and transparent rules of&nbsp; &nbsp;<a href=\"https:\/\/czasownik.pl\/en\/contact\/get-a-quote\/\">&#8230;Continue Reading<\/a><\/p>\n","protected":false},"author":1,"featured_media":0,"parent":2579,"menu_order":0,"comment_status":"closed","ping_status":"closed","template":"","meta":{"footnotes":"","_links_to":"","_links_to_target":""},"class_list":["post-2788","page","type-page","status-publish","hentry"],"yoast_head":"<!-- This site is optimized with the Yoast SEO plugin v27.3 - https:\/\/yoast.com\/product\/yoast-seo-wordpress\/ -->\n<title>Get a quote - DNA - agencja pracy tymczasowej<\/title>\n<meta name=\"robots\" content=\"index, follow, max-snippet:-1, max-image-preview:large, max-video-preview:-1\" \/>\n<link rel=\"canonical\" href=\"https:\/\/czasownik.pl\/en\/contact\/get-a-quote\/\" \/>\n<meta property=\"og:locale\" content=\"en_US\" \/>\n<meta property=\"og:type\" content=\"article\" \/>\n<meta property=\"og:title\" content=\"Get a quote - DNA - agencja pracy tymczasowej\" \/>\n<meta property=\"og:description\" content=\"Get a quote If you are interested in our offer please contact us and we will immediately prepare a detailed estimate of the service. The cost of our services depends on many factors but, as a rule, it is the product of hourly or daily rate of pay. We prefer clear and transparent rules of&nbsp; &nbsp;...Continue Reading\" \/>\n<meta property=\"og:url\" content=\"https:\/\/czasownik.pl\/en\/contact\/get-a-quote\/\" \/>\n<meta property=\"og:site_name\" content=\"DNA agencja pracy tymczasowej\" \/>\n<meta property=\"article:publisher\" content=\"https:\/\/www.facebook.com\/DNA.agencja\" \/>\n<meta property=\"article:modified_time\" content=\"2014-12-30T13:12:45+00:00\" \/>\n<meta name=\"twitter:label1\" content=\"Est. reading time\" \/>\n\t<meta name=\"twitter:data1\" content=\"1 minute\" \/>\n<script type=\"application\/ld+json\" class=\"yoast-schema-graph\">{\"@context\":\"https:\\\/\\\/schema.org\",\"@graph\":[{\"@type\":\"WebPage\",\"@id\":\"https:\\\/\\\/czasownik.pl\\\/en\\\/contact\\\/get-a-quote\\\/\",\"url\":\"https:\\\/\\\/czasownik.pl\\\/en\\\/contact\\\/get-a-quote\\\/\",\"name\":\"Get a quote - DNA - agencja pracy tymczasowej\",\"isPartOf\":{\"@id\":\"https:\\\/\\\/czasownik.pl\\\/#website\"},\"datePublished\":\"2014-12-30T09:33:48+00:00\",\"dateModified\":\"2014-12-30T13:12:45+00:00\",\"breadcrumb\":{\"@id\":\"https:\\\/\\\/czasownik.pl\\\/en\\\/contact\\\/get-a-quote\\\/#breadcrumb\"},\"inLanguage\":\"en-US\",\"potentialAction\":[{\"@type\":\"ReadAction\",\"target\":[\"https:\\\/\\\/czasownik.pl\\\/en\\\/contact\\\/get-a-quote\\\/\"]}]},{\"@type\":\"BreadcrumbList\",\"@id\":\"https:\\\/\\\/czasownik.pl\\\/en\\\/contact\\\/get-a-quote\\\/#breadcrumb\",\"itemListElement\":[{\"@type\":\"ListItem\",\"position\":1,\"name\":\"Strona g\u0142\u00f3wna\",\"item\":\"https:\\\/\\\/czasownik.pl\\\/en\\\/\"},{\"@type\":\"ListItem\",\"position\":2,\"name\":\"CONTACT\",\"item\":\"https:\\\/\\\/czasownik.pl\\\/en\\\/contact\\\/\"},{\"@type\":\"ListItem\",\"position\":3,\"name\":\"Get a quote\"}]},{\"@type\":\"WebSite\",\"@id\":\"https:\\\/\\\/czasownik.pl\\\/#website\",\"url\":\"https:\\\/\\\/czasownik.pl\\\/\",\"name\":\"DNA agencja pracy tymczasowej\",\"description\":\"DNA \u2013 agencja pracy tymczasowej od 2001 roku oferuje profesjonalne us\u0142ugi w zakresie rekrutacji i zatrudnienia pracownik\u00f3w tymczasowych oraz doradztwa personalnego i prowadzenia rekrutacji sta\u0142ych. Oferujemy us\u0142ugi outsourcingowe z zakresu leasingu pracownik\u00f3w tymczasowych. Specjalizujemy si\u0119 w doborze i zarz\u0105dzaniu zasobami ludzkimi. Jeste\u015bmy ekspertem w selekcji i dostarczaniu personelu. Zapraszamy na stron\u0119: https:\\\/\\\/czasownik.pl\\\/\",\"potentialAction\":[{\"@type\":\"SearchAction\",\"target\":{\"@type\":\"EntryPoint\",\"urlTemplate\":\"https:\\\/\\\/czasownik.pl\\\/?s={search_term_string}\"},\"query-input\":{\"@type\":\"PropertyValueSpecification\",\"valueRequired\":true,\"valueName\":\"search_term_string\"}}],\"inLanguage\":\"en-US\"}]}<\/script>\n<!-- \/ Yoast SEO plugin. -->","yoast_head_json":{"title":"Get a quote - DNA - agencja pracy tymczasowej","robots":{"index":"index","follow":"follow","max-snippet":"max-snippet:-1","max-image-preview":"max-image-preview:large","max-video-preview":"max-video-preview:-1"},"canonical":"https:\/\/czasownik.pl\/en\/contact\/get-a-quote\/","og_locale":"en_US","og_type":"article","og_title":"Get a quote - DNA - agencja pracy tymczasowej","og_description":"Get a quote If you are interested in our offer please contact us and we will immediately prepare a detailed estimate of the service. The cost of our services depends on many factors but, as a rule, it is the product of hourly or daily rate of pay. We prefer clear and transparent rules of&nbsp; &nbsp;...Continue Reading","og_url":"https:\/\/czasownik.pl\/en\/contact\/get-a-quote\/","og_site_name":"DNA agencja pracy tymczasowej","article_publisher":"https:\/\/www.facebook.com\/DNA.agencja","article_modified_time":"2014-12-30T13:12:45+00:00","twitter_misc":{"Est. reading time":"1 minute"},"schema":{"@context":"https:\/\/schema.org","@graph":[{"@type":"WebPage","@id":"https:\/\/czasownik.pl\/en\/contact\/get-a-quote\/","url":"https:\/\/czasownik.pl\/en\/contact\/get-a-quote\/","name":"Get a quote - DNA - agencja pracy tymczasowej","isPartOf":{"@id":"https:\/\/czasownik.pl\/#website"},"datePublished":"2014-12-30T09:33:48+00:00","dateModified":"2014-12-30T13:12:45+00:00","breadcrumb":{"@id":"https:\/\/czasownik.pl\/en\/contact\/get-a-quote\/#breadcrumb"},"inLanguage":"en-US","potentialAction":[{"@type":"ReadAction","target":["https:\/\/czasownik.pl\/en\/contact\/get-a-quote\/"]}]},{"@type":"BreadcrumbList","@id":"https:\/\/czasownik.pl\/en\/contact\/get-a-quote\/#breadcrumb","itemListElement":[{"@type":"ListItem","position":1,"name":"Strona g\u0142\u00f3wna","item":"https:\/\/czasownik.pl\/en\/"},{"@type":"ListItem","position":2,"name":"CONTACT","item":"https:\/\/czasownik.pl\/en\/contact\/"},{"@type":"ListItem","position":3,"name":"Get a quote"}]},{"@type":"WebSite","@id":"https:\/\/czasownik.pl\/#website","url":"https:\/\/czasownik.pl\/","name":"DNA agencja pracy tymczasowej","description":"DNA \u2013 agencja pracy tymczasowej od 2001 roku oferuje profesjonalne us\u0142ugi w zakresie rekrutacji i zatrudnienia pracownik\u00f3w tymczasowych oraz doradztwa personalnego i prowadzenia rekrutacji sta\u0142ych. Oferujemy us\u0142ugi outsourcingowe z zakresu leasingu pracownik\u00f3w tymczasowych. Specjalizujemy si\u0119 w doborze i zarz\u0105dzaniu zasobami ludzkimi. Jeste\u015bmy ekspertem w selekcji i dostarczaniu personelu. Zapraszamy na stron\u0119: https:\/\/czasownik.pl\/","potentialAction":[{"@type":"SearchAction","target":{"@type":"EntryPoint","urlTemplate":"https:\/\/czasownik.pl\/?s={search_term_string}"},"query-input":{"@type":"PropertyValueSpecification","valueRequired":true,"valueName":"search_term_string"}}],"inLanguage":"en-US"}]}},"_links":{"self":[{"href":"https:\/\/czasownik.pl\/en\/wp-json\/wp\/v2\/pages\/2788","targetHints":{"allow":["GET"]}}],"collection":[{"href":"https:\/\/czasownik.pl\/en\/wp-json\/wp\/v2\/pages"}],"about":[{"href":"https:\/\/czasownik.pl\/en\/wp-json\/wp\/v2\/types\/page"}],"author":[{"embeddable":true,"href":"https:\/\/czasownik.pl\/en\/wp-json\/wp\/v2\/users\/1"}],"replies":[{"embeddable":true,"href":"https:\/\/czasownik.pl\/en\/wp-json\/wp\/v2\/comments?post=2788"}],"version-history":[{"count":9,"href":"https:\/\/czasownik.pl\/en\/wp-json\/wp\/v2\/pages\/2788\/revisions"}],"predecessor-version":[{"id":2824,"href":"https:\/\/czasownik.pl\/en\/wp-json\/wp\/v2\/pages\/2788\/revisions\/2824"}],"up":[{"embeddable":true,"href":"https:\/\/czasownik.pl\/en\/wp-json\/wp\/v2\/pages\/2579"}],"wp:attachment":[{"href":"https:\/\/czasownik.pl\/en\/wp-json\/wp\/v2\/media?parent=2788"}],"curies":[{"name":"wp","href":"https:\/\/api.w.org\/{rel}","templated":true}]}}