{"id":3115,"date":"2015-04-15T14:20:07","date_gmt":"2015-04-15T14:20:07","guid":{"rendered":"https:\/\/czasownik.pl\/?page_id=3115"},"modified":"2015-05-12T09:54:22","modified_gmt":"2015-05-12T09:54:22","slug":"temporary-employees","status":"publish","type":"page","link":"https:\/\/czasownik.pl\/en\/service\/temporary-employees\/","title":{"rendered":"Temporary employees"},"content":{"rendered":"<h1 style=\"text-align: center;\">TEMPORARY EMPLOYEES<\/h1>\n<p>Temporary employees and their work are governed by the Temporary Employees\u2019 Employment Act; this solution is, however, extremely straightforward \u2013 it is a combination of three links: a temporary employee, a temp agency and a company with a temporary job opening.<\/p>\n<div class=\"row\">\n<div class=\"col-xs-12 col-md-6\">\n<h4 class=\"title\">The core of the solution<\/h4>\n<p>A temporary employee hired by a temp agency is seconded to work for and under the supervision of the temp agency\u2019s Client, i.e. the employer &#8211; user. However, it is the temp agency that is responsible for fulfilling any and all duties related to hiring the temporary employee and the related payroll and HR services. Employers are satisfied with that solution due to its flexibility and the possibility of filling unexpected vacancies. The solution is at the same time beneficial to employees. Temporary staffing is a\u00a0solution that allows to reconcile work to study or parental duties. It is an opportunity to enter the labor market and acquire valuable experience. It is also a chance to earn extra income.<\/p>\n<\/div>\n<div class=\"col-xs-12 col-md-6\">\n<h4 class=\"title\">Measurable benefits<\/h4>\n<p>A temp worker can replace an office worker, a secretary, an\u00a0assistant, a receptionist or a telemarketer as well as an IT specialist. This solution allows to quickly respond in case of a\u00a0vacancy and make a qualified employee accurately attuned to the employer\u2019s current needs.<\/p>\n<\/div>\n<div class=\"col-xs-12 col-md-6\"><\/div>\n<div class=\"col-xs-12 col-md-6\">Contact DNA \u2013 temp agency and submit your RFQs! We act quickly and accurately. We are certain that in our database comprising over 10 000 staff we will find a perfect temp worker for you who will successfully fill your vacancy!<\/div>\n<\/div>\n","protected":false},"excerpt":{"rendered":"<p>TEMPORARY EMPLOYEES Temporary employees and their work are governed by the Temporary Employees\u2019 Employment Act; this solution is, however, extremely straightforward \u2013 it is a combination of three links: a temporary employee, a temp agency and a company with a temporary job opening. The core of the solution A temporary employee hired by a temp&nbsp; &nbsp;<a href=\"https:\/\/czasownik.pl\/en\/service\/temporary-employees\/\">&#8230;Continue Reading<\/a><\/p>\n","protected":false},"author":1,"featured_media":2678,"parent":2598,"menu_order":3,"comment_status":"closed","ping_status":"closed","template":"page-featured.php","meta":{"footnotes":"","_links_to":"","_links_to_target":""},"class_list":["post-3115","page","type-page","status-publish","has-post-thumbnail","hentry"],"yoast_head":"<!-- This site is optimized with the Yoast SEO plugin v27.5 - https:\/\/yoast.com\/product\/yoast-seo-wordpress\/ -->\n<title>Temporary employees - DNA - agencja pracy tymczasowej<\/title>\n<meta name=\"robots\" content=\"index, follow, max-snippet:-1, max-image-preview:large, max-video-preview:-1\" \/>\n<link rel=\"canonical\" href=\"https:\/\/czasownik.pl\/en\/service\/temporary-employees\/\" \/>\n<meta property=\"og:locale\" content=\"en_US\" \/>\n<meta property=\"og:type\" content=\"article\" \/>\n<meta property=\"og:title\" content=\"Temporary employees - DNA - agencja pracy tymczasowej\" \/>\n<meta property=\"og:description\" content=\"TEMPORARY EMPLOYEES Temporary employees and their work are governed by the Temporary Employees\u2019 Employment Act; this solution is, however, extremely straightforward \u2013 it is a combination of three links: a temporary employee, a temp agency and a company with a temporary job opening. The core of the solution A temporary employee hired by a temp&nbsp; &nbsp;...Continue Reading\" \/>\n<meta property=\"og:url\" content=\"https:\/\/czasownik.pl\/en\/service\/temporary-employees\/\" \/>\n<meta property=\"og:site_name\" content=\"DNA agencja pracy tymczasowej\" \/>\n<meta property=\"article:publisher\" content=\"https:\/\/www.facebook.com\/DNA.agencja\" \/>\n<meta property=\"article:modified_time\" content=\"2015-05-12T09:54:22+00:00\" \/>\n<meta property=\"og:image\" content=\"https:\/\/czasownik.pl\/wp-content\/uploads\/2014\/12\/office6-e1444390747947.jpg\" \/>\n\t<meta property=\"og:image:width\" content=\"1100\" \/>\n\t<meta property=\"og:image:height\" content=\"503\" \/>\n\t<meta property=\"og:image:type\" content=\"image\/jpeg\" \/>\n<meta name=\"twitter:label1\" content=\"Est. reading time\" \/>\n\t<meta name=\"twitter:data1\" content=\"1 minute\" \/>\n<script type=\"application\/ld+json\" class=\"yoast-schema-graph\">{\"@context\":\"https:\\\/\\\/schema.org\",\"@graph\":[{\"@type\":\"WebPage\",\"@id\":\"https:\\\/\\\/czasownik.pl\\\/en\\\/service\\\/temporary-employees\\\/\",\"url\":\"https:\\\/\\\/czasownik.pl\\\/en\\\/service\\\/temporary-employees\\\/\",\"name\":\"Temporary employees - DNA - agencja pracy tymczasowej\",\"isPartOf\":{\"@id\":\"https:\\\/\\\/czasownik.pl\\\/#website\"},\"primaryImageOfPage\":{\"@id\":\"https:\\\/\\\/czasownik.pl\\\/en\\\/service\\\/temporary-employees\\\/#primaryimage\"},\"image\":{\"@id\":\"https:\\\/\\\/czasownik.pl\\\/en\\\/service\\\/temporary-employees\\\/#primaryimage\"},\"thumbnailUrl\":\"https:\\\/\\\/czasownik.pl\\\/wp-content\\\/uploads\\\/2014\\\/12\\\/office6-e1444390747947.jpg\",\"datePublished\":\"2015-04-15T14:20:07+00:00\",\"dateModified\":\"2015-05-12T09:54:22+00:00\",\"breadcrumb\":{\"@id\":\"https:\\\/\\\/czasownik.pl\\\/en\\\/service\\\/temporary-employees\\\/#breadcrumb\"},\"inLanguage\":\"en-US\",\"potentialAction\":[{\"@type\":\"ReadAction\",\"target\":[\"https:\\\/\\\/czasownik.pl\\\/en\\\/service\\\/temporary-employees\\\/\"]}]},{\"@type\":\"ImageObject\",\"inLanguage\":\"en-US\",\"@id\":\"https:\\\/\\\/czasownik.pl\\\/en\\\/service\\\/temporary-employees\\\/#primaryimage\",\"url\":\"https:\\\/\\\/czasownik.pl\\\/wp-content\\\/uploads\\\/2014\\\/12\\\/office6-e1444390747947.jpg\",\"contentUrl\":\"https:\\\/\\\/czasownik.pl\\\/wp-content\\\/uploads\\\/2014\\\/12\\\/office6-e1444390747947.jpg\",\"width\":1100,\"height\":503,\"caption\":\"DNA - agencja pracy tymczasowej - Rekrutacje sta\u0142e\"},{\"@type\":\"BreadcrumbList\",\"@id\":\"https:\\\/\\\/czasownik.pl\\\/en\\\/service\\\/temporary-employees\\\/#breadcrumb\",\"itemListElement\":[{\"@type\":\"ListItem\",\"position\":1,\"name\":\"Strona g\u0142\u00f3wna\",\"item\":\"https:\\\/\\\/czasownik.pl\\\/en\\\/\"},{\"@type\":\"ListItem\",\"position\":2,\"name\":\"SERVICES\",\"item\":\"http:\\\/\\\/eng.czasownik.pl\\\/service\\\/temporary-work\\\/\"},{\"@type\":\"ListItem\",\"position\":3,\"name\":\"Temporary employees\"}]},{\"@type\":\"WebSite\",\"@id\":\"https:\\\/\\\/czasownik.pl\\\/#website\",\"url\":\"https:\\\/\\\/czasownik.pl\\\/\",\"name\":\"DNA agencja pracy tymczasowej\",\"description\":\"DNA \u2013 agencja pracy tymczasowej od 2001 roku oferuje profesjonalne us\u0142ugi w zakresie rekrutacji i zatrudnienia pracownik\u00f3w tymczasowych oraz doradztwa personalnego i prowadzenia rekrutacji sta\u0142ych. Oferujemy us\u0142ugi outsourcingowe z zakresu leasingu pracownik\u00f3w tymczasowych. Specjalizujemy si\u0119 w doborze i zarz\u0105dzaniu zasobami ludzkimi. Jeste\u015bmy ekspertem w selekcji i dostarczaniu personelu. Zapraszamy na stron\u0119: https:\\\/\\\/czasownik.pl\\\/\",\"potentialAction\":[{\"@type\":\"SearchAction\",\"target\":{\"@type\":\"EntryPoint\",\"urlTemplate\":\"https:\\\/\\\/czasownik.pl\\\/?s={search_term_string}\"},\"query-input\":{\"@type\":\"PropertyValueSpecification\",\"valueRequired\":true,\"valueName\":\"search_term_string\"}}],\"inLanguage\":\"en-US\"}]}<\/script>\n<!-- \/ Yoast SEO plugin. -->","yoast_head_json":{"title":"Temporary employees - DNA - agencja pracy tymczasowej","robots":{"index":"index","follow":"follow","max-snippet":"max-snippet:-1","max-image-preview":"max-image-preview:large","max-video-preview":"max-video-preview:-1"},"canonical":"https:\/\/czasownik.pl\/en\/service\/temporary-employees\/","og_locale":"en_US","og_type":"article","og_title":"Temporary employees - DNA - agencja pracy tymczasowej","og_description":"TEMPORARY EMPLOYEES Temporary employees and their work are governed by the Temporary Employees\u2019 Employment Act; this solution is, however, extremely straightforward \u2013 it is a combination of three links: a temporary employee, a temp agency and a company with a temporary job opening. The core of the solution A temporary employee hired by a temp&nbsp; &nbsp;...Continue Reading","og_url":"https:\/\/czasownik.pl\/en\/service\/temporary-employees\/","og_site_name":"DNA agencja pracy tymczasowej","article_publisher":"https:\/\/www.facebook.com\/DNA.agencja","article_modified_time":"2015-05-12T09:54:22+00:00","og_image":[{"width":1100,"height":503,"url":"https:\/\/czasownik.pl\/wp-content\/uploads\/2014\/12\/office6-e1444390747947.jpg","type":"image\/jpeg"}],"twitter_misc":{"Est. reading time":"1 minute"},"schema":{"@context":"https:\/\/schema.org","@graph":[{"@type":"WebPage","@id":"https:\/\/czasownik.pl\/en\/service\/temporary-employees\/","url":"https:\/\/czasownik.pl\/en\/service\/temporary-employees\/","name":"Temporary employees - DNA - agencja pracy tymczasowej","isPartOf":{"@id":"https:\/\/czasownik.pl\/#website"},"primaryImageOfPage":{"@id":"https:\/\/czasownik.pl\/en\/service\/temporary-employees\/#primaryimage"},"image":{"@id":"https:\/\/czasownik.pl\/en\/service\/temporary-employees\/#primaryimage"},"thumbnailUrl":"https:\/\/czasownik.pl\/wp-content\/uploads\/2014\/12\/office6-e1444390747947.jpg","datePublished":"2015-04-15T14:20:07+00:00","dateModified":"2015-05-12T09:54:22+00:00","breadcrumb":{"@id":"https:\/\/czasownik.pl\/en\/service\/temporary-employees\/#breadcrumb"},"inLanguage":"en-US","potentialAction":[{"@type":"ReadAction","target":["https:\/\/czasownik.pl\/en\/service\/temporary-employees\/"]}]},{"@type":"ImageObject","inLanguage":"en-US","@id":"https:\/\/czasownik.pl\/en\/service\/temporary-employees\/#primaryimage","url":"https:\/\/czasownik.pl\/wp-content\/uploads\/2014\/12\/office6-e1444390747947.jpg","contentUrl":"https:\/\/czasownik.pl\/wp-content\/uploads\/2014\/12\/office6-e1444390747947.jpg","width":1100,"height":503,"caption":"DNA - agencja pracy tymczasowej - Rekrutacje sta\u0142e"},{"@type":"BreadcrumbList","@id":"https:\/\/czasownik.pl\/en\/service\/temporary-employees\/#breadcrumb","itemListElement":[{"@type":"ListItem","position":1,"name":"Strona g\u0142\u00f3wna","item":"https:\/\/czasownik.pl\/en\/"},{"@type":"ListItem","position":2,"name":"SERVICES","item":"http:\/\/eng.czasownik.pl\/service\/temporary-work\/"},{"@type":"ListItem","position":3,"name":"Temporary employees"}]},{"@type":"WebSite","@id":"https:\/\/czasownik.pl\/#website","url":"https:\/\/czasownik.pl\/","name":"DNA agencja pracy tymczasowej","description":"DNA \u2013 agencja pracy tymczasowej od 2001 roku oferuje profesjonalne us\u0142ugi w zakresie rekrutacji i zatrudnienia pracownik\u00f3w tymczasowych oraz doradztwa personalnego i prowadzenia rekrutacji sta\u0142ych. Oferujemy us\u0142ugi outsourcingowe z zakresu leasingu pracownik\u00f3w tymczasowych. Specjalizujemy si\u0119 w doborze i zarz\u0105dzaniu zasobami ludzkimi. Jeste\u015bmy ekspertem w selekcji i dostarczaniu personelu. Zapraszamy na stron\u0119: https:\/\/czasownik.pl\/","potentialAction":[{"@type":"SearchAction","target":{"@type":"EntryPoint","urlTemplate":"https:\/\/czasownik.pl\/?s={search_term_string}"},"query-input":{"@type":"PropertyValueSpecification","valueRequired":true,"valueName":"search_term_string"}}],"inLanguage":"en-US"}]}},"_links":{"self":[{"href":"https:\/\/czasownik.pl\/en\/wp-json\/wp\/v2\/pages\/3115","targetHints":{"allow":["GET"]}}],"collection":[{"href":"https:\/\/czasownik.pl\/en\/wp-json\/wp\/v2\/pages"}],"about":[{"href":"https:\/\/czasownik.pl\/en\/wp-json\/wp\/v2\/types\/page"}],"author":[{"embeddable":true,"href":"https:\/\/czasownik.pl\/en\/wp-json\/wp\/v2\/users\/1"}],"replies":[{"embeddable":true,"href":"https:\/\/czasownik.pl\/en\/wp-json\/wp\/v2\/comments?post=3115"}],"version-history":[{"count":4,"href":"https:\/\/czasownik.pl\/en\/wp-json\/wp\/v2\/pages\/3115\/revisions"}],"predecessor-version":[{"id":3137,"href":"https:\/\/czasownik.pl\/en\/wp-json\/wp\/v2\/pages\/3115\/revisions\/3137"}],"up":[{"embeddable":true,"href":"https:\/\/czasownik.pl\/en\/wp-json\/wp\/v2\/pages\/2598"}],"wp:featuredmedia":[{"embeddable":true,"href":"https:\/\/czasownik.pl\/en\/wp-json\/wp\/v2\/media\/2678"}],"wp:attachment":[{"href":"https:\/\/czasownik.pl\/en\/wp-json\/wp\/v2\/media?parent=3115"}],"curies":[{"name":"wp","href":"https:\/\/api.w.org\/{rel}","templated":true}]}}